{"id":13335,"date":"2023-11-04T03:12:39","date_gmt":"2023-11-04T02:12:39","guid":{"rendered":"http:\/\/innocentiemangonipiante.it\/taxus-x-media-hicksii\/"},"modified":"2023-11-06T16:03:18","modified_gmt":"2023-11-06T15:03:18","slug":"taxus-x-media-hicksii","status":"publish","type":"product","link":"https:\/\/innocentiemangonipiante.it\/fr\/taxus-x-media-hicksii\/","title":{"rendered":"TAXUS x media &lsquo;Hicksii&rsquo;"},"content":{"rendered":"<p>Conif\u00e8re au port largement colonnaire, plus large que le T. Baccata \u2019Fastigiata\u2019, aux branches \u00e9rig\u00e9es et aux rameaux denses horizontaux \u00e0 l\u00e9g\u00e8rement retombants, qui donnent \u00e0 la plante une forme dense et compacte. Croissance lente. Les feuilles, de couleur vert brillant, avec une nervure centrale marqu\u00e9e, sont lin\u00e9aires, \u00e9troites et mesurent jusqu\u2019\u00e0 2,5 cm.<\/p>\n","protected":false},"excerpt":{"rendered":"<p>Conif\u00e8re au port largement colonnaire, plus large que le T. Baccata \u2019Fastigiata\u2019, aux branches \u00e9rig\u00e9es et aux rameaux denses horizontaux \u00e0 l\u00e9g\u00e8rement retombants, qui donnent \u00e0 la plante une forme dense et compacte. Croissance lente. Les feuilles, de couleur vert brillant, avec une nervure centrale marqu\u00e9e, sont lin\u00e9aires, \u00e9troites et mesurent jusqu\u2019\u00e0 2,5 cm.<\/p>\n","protected":false},"featured_media":5714,"template":"","meta":{"_acf_changed":false},"product_brand":[],"product_cat":[8824],"product_tag":[10897,8497,6266,6263],"class_list":{"0":"post-13335","1":"product","2":"type-product","3":"status-publish","4":"has-post-thumbnail","6":"product_cat-coniferes","7":"product_tag-naturelle","8":"product_tag-cepee-remontee","9":"product_tag-jardiniere","10":"product_tag-pompons-fr","11":"pa_altezza-massima-200-fr","12":"pa_altezza-massima-300-fr-2","13":"pa_condizionamento-clt-fr","14":"pa_condizionamento-coupe-fr","15":"pa_condizionamento-motte","16":"pa_famiglia-taxaceae-fr","17":"pa_genere-taxus-fr","18":"pa_inquinamento-resistance-a-la-pollution","19":"pa_origine-origine-delle-piante-u-s-a","20":"pa_portamento-de-colonne","21":"pa_resistenza-climatica-tres-elevee","22":"pa_resistenza-del-suolo-resistant-aux-sols-calcaires","23":"pa_utilizzo-haies","24":"pa_utilizzo-parcs","25":"pa_utilizzo-petits-jardins","27":"first","28":"instock","29":"purchasable","30":"product-type-simple"},"acf":[],"_links":{"self":[{"href":"https:\/\/innocentiemangonipiante.it\/fr\/wp-json\/wp\/v2\/product\/13335","targetHints":{"allow":["GET"]}}],"collection":[{"href":"https:\/\/innocentiemangonipiante.it\/fr\/wp-json\/wp\/v2\/product"}],"about":[{"href":"https:\/\/innocentiemangonipiante.it\/fr\/wp-json\/wp\/v2\/types\/product"}],"wp:featuredmedia":[{"embeddable":true,"href":"https:\/\/innocentiemangonipiante.it\/fr\/wp-json\/wp\/v2\/media\/5714"}],"wp:attachment":[{"href":"https:\/\/innocentiemangonipiante.it\/fr\/wp-json\/wp\/v2\/media?parent=13335"}],"wp:term":[{"taxonomy":"product_brand","embeddable":true,"href":"https:\/\/innocentiemangonipiante.it\/fr\/wp-json\/wp\/v2\/product_brand?post=13335"},{"taxonomy":"product_cat","embeddable":true,"href":"https:\/\/innocentiemangonipiante.it\/fr\/wp-json\/wp\/v2\/product_cat?post=13335"},{"taxonomy":"product_tag","embeddable":true,"href":"https:\/\/innocentiemangonipiante.it\/fr\/wp-json\/wp\/v2\/product_tag?post=13335"}],"curies":[{"name":"wp","href":"https:\/\/api.w.org\/{rel}","templated":true}]}}