{"id":13337,"date":"2023-11-04T03:13:17","date_gmt":"2023-11-04T02:13:17","guid":{"rendered":"http:\/\/innocentiemangonipiante.it\/thea-sinensis\/"},"modified":"2023-11-06T16:03:37","modified_gmt":"2023-11-06T15:03:37","slug":"thea-sinensis","status":"publish","type":"product","link":"https:\/\/innocentiemangonipiante.it\/fr\/thea-sinensis\/","title":{"rendered":"THEA sinensis"},"content":{"rendered":"<p>\u201cPlante du th\u00e9\u201d. Arbuste buissonnant, persistant, \u00e0 la forme compacte et dense. Croissance assez lente. \u00c0 la fin du printemps, elle donne de petites fleurs de couleur blanc utilis\u00e9es dans la production de tisanes et d\u2019infusions.<\/p>\n","protected":false},"excerpt":{"rendered":"<p>\u201cPlante du th\u00e9\u201d. Arbuste buissonnant, persistant, \u00e0 la forme compacte et dense. Croissance assez lente. \u00c0 la fin du printemps, elle donne de petites fleurs de couleur blanc utilis\u00e9es dans la production de tisanes et d\u2019infusions.<\/p>\n","protected":false},"featured_media":5737,"template":"","meta":{"_acf_changed":false},"product_brand":[],"product_cat":[8817],"product_tag":[10897],"class_list":{"0":"post-13337","1":"product","2":"type-product","3":"status-publish","4":"has-post-thumbnail","6":"product_cat-arbres-et-arbustes-persistants","7":"product_tag-naturelle","8":"pa_altezza-massima-300-fr-2","9":"pa_altezza-massima-500-fr","10":"pa_colore-fioritura-blanc","11":"pa_condizionamento-clt-fr","12":"pa_famiglia-theaceae-fr","13":"pa_genere-thea-fr","14":"pa_origine-asie-orientale","15":"pa_periodo-fioritura-juin","16":"pa_portamento-arrondi","17":"pa_resistenza-climatica-moyenne-elevee","18":"pa_utilizzo-petits-jardins","20":"first","21":"instock","22":"purchasable","23":"product-type-simple"},"acf":[],"_links":{"self":[{"href":"https:\/\/innocentiemangonipiante.it\/fr\/wp-json\/wp\/v2\/product\/13337","targetHints":{"allow":["GET"]}}],"collection":[{"href":"https:\/\/innocentiemangonipiante.it\/fr\/wp-json\/wp\/v2\/product"}],"about":[{"href":"https:\/\/innocentiemangonipiante.it\/fr\/wp-json\/wp\/v2\/types\/product"}],"wp:featuredmedia":[{"embeddable":true,"href":"https:\/\/innocentiemangonipiante.it\/fr\/wp-json\/wp\/v2\/media\/5737"}],"wp:attachment":[{"href":"https:\/\/innocentiemangonipiante.it\/fr\/wp-json\/wp\/v2\/media?parent=13337"}],"wp:term":[{"taxonomy":"product_brand","embeddable":true,"href":"https:\/\/innocentiemangonipiante.it\/fr\/wp-json\/wp\/v2\/product_brand?post=13337"},{"taxonomy":"product_cat","embeddable":true,"href":"https:\/\/innocentiemangonipiante.it\/fr\/wp-json\/wp\/v2\/product_cat?post=13337"},{"taxonomy":"product_tag","embeddable":true,"href":"https:\/\/innocentiemangonipiante.it\/fr\/wp-json\/wp\/v2\/product_tag?post=13337"}],"curies":[{"name":"wp","href":"https:\/\/api.w.org\/{rel}","templated":true}]}}