{"id":13338,"date":"2023-11-04T03:14:15","date_gmt":"2023-11-04T02:14:15","guid":{"rendered":"http:\/\/innocentiemangonipiante.it\/thuja-plicata-atrovirens\/"},"modified":"2023-11-06T16:04:07","modified_gmt":"2023-11-06T15:04:07","slug":"thuja-plicata-atrovirens","status":"publish","type":"product","link":"https:\/\/innocentiemangonipiante.it\/fr\/thuja-plicata-atrovirens\/","title":{"rendered":"THUJA plicata &lsquo;Atrovirens&rsquo;"},"content":{"rendered":"<p>Grand arbre conique-colonnaire ayant des branches inf\u00e9rieures ondul\u00e9es et l\u2019\u00e9corce de couleur rouge-marron qui se fend en vieillissant en donnant naissance \u00e0 des l\u00e9gers sillons sur le tronc. Feuillage squamif\u00e8re de couleur vert sombre. La compacit\u00e9 et la vitesse de croissance de ce conif\u00e8re en font une plante excellente pour les haies car elle se pr\u00eate tr\u00e8s bien \u00e0 la taille.<\/p>\n","protected":false},"excerpt":{"rendered":"<p>Grand arbre conique-colonnaire ayant des branches inf\u00e9rieures ondul\u00e9es et l\u2019\u00e9corce de couleur rouge-marron qui se fend en vieillissant en donnant naissance \u00e0 des l\u00e9gers sillons sur le tronc. Feuillage squamif\u00e8re de couleur vert sombre. La compacit\u00e9 et la vitesse de croissance de ce conif\u00e8re en font une plante excellente pour les haies car elle se [&hellip;]<\/p>\n","protected":false},"featured_media":5768,"template":"","meta":{"_acf_changed":false},"product_brand":[],"product_cat":[8824],"product_tag":[10897],"class_list":{"0":"post-13338","1":"product","2":"type-product","3":"status-publish","4":"has-post-thumbnail","6":"product_cat-coniferes","7":"product_tag-naturelle","8":"pa_altezza-massima-20-metres","9":"pa_altezza-massima-30-metres","10":"pa_condizionamento-clt-fr","11":"pa_condizionamento-vs-fr","12":"pa_famiglia-cupressaceae-fr","13":"pa_genere-thuja-fr","14":"pa_inquinamento-resistance-a-la-pollution","15":"pa_origine-origine-delle-piante-u-s-a","16":"pa_portamento-de-colonne","17":"pa_resistenza-climatica-tres-elevee","18":"pa_resistenza-del-suolo-resistant-aux-sols-calcaires","19":"pa_utilizzo-haies","20":"pa_utilizzo-parcs","21":"pa_utilizzo-petits-jardins","23":"first","24":"instock","25":"purchasable","26":"product-type-simple"},"acf":[],"_links":{"self":[{"href":"https:\/\/innocentiemangonipiante.it\/fr\/wp-json\/wp\/v2\/product\/13338","targetHints":{"allow":["GET"]}}],"collection":[{"href":"https:\/\/innocentiemangonipiante.it\/fr\/wp-json\/wp\/v2\/product"}],"about":[{"href":"https:\/\/innocentiemangonipiante.it\/fr\/wp-json\/wp\/v2\/types\/product"}],"wp:featuredmedia":[{"embeddable":true,"href":"https:\/\/innocentiemangonipiante.it\/fr\/wp-json\/wp\/v2\/media\/5768"}],"wp:attachment":[{"href":"https:\/\/innocentiemangonipiante.it\/fr\/wp-json\/wp\/v2\/media?parent=13338"}],"wp:term":[{"taxonomy":"product_brand","embeddable":true,"href":"https:\/\/innocentiemangonipiante.it\/fr\/wp-json\/wp\/v2\/product_brand?post=13338"},{"taxonomy":"product_cat","embeddable":true,"href":"https:\/\/innocentiemangonipiante.it\/fr\/wp-json\/wp\/v2\/product_cat?post=13338"},{"taxonomy":"product_tag","embeddable":true,"href":"https:\/\/innocentiemangonipiante.it\/fr\/wp-json\/wp\/v2\/product_tag?post=13338"}],"curies":[{"name":"wp","href":"https:\/\/api.w.org\/{rel}","templated":true}]}}