{"id":13339,"date":"2023-11-04T03:14:07","date_gmt":"2023-11-04T02:14:07","guid":{"rendered":"http:\/\/innocentiemangonipiante.it\/thuja-orientalis-pyramidalis-aurea\/"},"modified":"2023-11-06T16:04:01","modified_gmt":"2023-11-06T15:04:01","slug":"thuja-orientalis-pyramidalis-aurea","status":"publish","type":"product","link":"https:\/\/innocentiemangonipiante.it\/fr\/thuja-orientalis-pyramidalis-aurea\/","title":{"rendered":"THUJA orientalis &lsquo;Pyramidalis Aurea&rsquo;"},"content":{"rendered":"<p>Grand arbuste au port pyramidal \u00e0 largement colonnaire. La ramescence \u00e9rig\u00e9e porte un feuillage squamif\u00e8re, dense, de couleur jaune d\u2019or lumineux qui vire au rouge brun\u00e2tre en hiver.<\/p>\n","protected":false},"excerpt":{"rendered":"<p>Grand arbuste au port pyramidal \u00e0 largement colonnaire. La ramescence \u00e9rig\u00e9e porte un feuillage squamif\u00e8re, dense, de couleur jaune d\u2019or lumineux qui vire au rouge brun\u00e2tre en hiver.<\/p>\n","protected":false},"featured_media":5762,"template":"","meta":{"_acf_changed":false},"product_brand":[],"product_cat":[8824],"product_tag":[10897],"class_list":{"0":"post-13339","1":"product","2":"type-product","3":"status-publish","4":"has-post-thumbnail","6":"product_cat-coniferes","7":"product_tag-naturelle","8":"pa_altezza-massima-400-fr","9":"pa_altezza-massima-600-fr","10":"pa_colore-delle-foglie-jaune","11":"pa_condizionamento-clt-fr","12":"pa_condizionamento-vs-fr","13":"pa_famiglia-cupressaceae-fr","14":"pa_genere-thuja-fr","15":"pa_origine-asie-orientale","16":"pa_portamento-de-colonne","17":"pa_resistenza-climatica-tres-elevee","18":"pa_resistenza-del-suolo-resistant-aux-sols-calcaires","19":"pa_resistenza-del-suolo-resistant-aux-sols-secs","20":"pa_utilizzo-parcs","21":"pa_utilizzo-petits-jardins","23":"first","24":"instock","25":"purchasable","26":"product-type-simple"},"acf":[],"_links":{"self":[{"href":"https:\/\/innocentiemangonipiante.it\/fr\/wp-json\/wp\/v2\/product\/13339","targetHints":{"allow":["GET"]}}],"collection":[{"href":"https:\/\/innocentiemangonipiante.it\/fr\/wp-json\/wp\/v2\/product"}],"about":[{"href":"https:\/\/innocentiemangonipiante.it\/fr\/wp-json\/wp\/v2\/types\/product"}],"wp:featuredmedia":[{"embeddable":true,"href":"https:\/\/innocentiemangonipiante.it\/fr\/wp-json\/wp\/v2\/media\/5762"}],"wp:attachment":[{"href":"https:\/\/innocentiemangonipiante.it\/fr\/wp-json\/wp\/v2\/media?parent=13339"}],"wp:term":[{"taxonomy":"product_brand","embeddable":true,"href":"https:\/\/innocentiemangonipiante.it\/fr\/wp-json\/wp\/v2\/product_brand?post=13339"},{"taxonomy":"product_cat","embeddable":true,"href":"https:\/\/innocentiemangonipiante.it\/fr\/wp-json\/wp\/v2\/product_cat?post=13339"},{"taxonomy":"product_tag","embeddable":true,"href":"https:\/\/innocentiemangonipiante.it\/fr\/wp-json\/wp\/v2\/product_tag?post=13339"}],"curies":[{"name":"wp","href":"https:\/\/api.w.org\/{rel}","templated":true}]}}