{"id":13341,"date":"2023-11-04T03:13:54","date_gmt":"2023-11-04T02:13:54","guid":{"rendered":"http:\/\/innocentiemangonipiante.it\/thuja-occidentalis-tiny-tim\/"},"modified":"2023-11-06T16:03:55","modified_gmt":"2023-11-06T15:03:55","slug":"thuja-occidentalis-tiny-tim","status":"publish","type":"product","link":"https:\/\/innocentiemangonipiante.it\/fr\/thuja-occidentalis-tiny-tim\/","title":{"rendered":"THUJA occidentalis &lsquo;Tiny Tim&rsquo;"},"content":{"rendered":"<p>Conif\u00e8re au port arrondi et \u00e0 croissance lente. Les branches sont \u00e9rig\u00e9es, courtes et denses et donnent \u00e0 la plante une forme assez compacte. Feuilles squamif\u00e8res de couleur vert sombre qui virent au brun\u00e2tre en hiver.<\/p>\n","protected":false},"excerpt":{"rendered":"<p>Conif\u00e8re au port arrondi et \u00e0 croissance lente. Les branches sont \u00e9rig\u00e9es, courtes et denses et donnent \u00e0 la plante une forme assez compacte. Feuilles squamif\u00e8res de couleur vert sombre qui virent au brun\u00e2tre en hiver.<\/p>\n","protected":false},"featured_media":5750,"template":"","meta":{"_acf_changed":false},"product_brand":[],"product_cat":[8824],"product_tag":[10897],"class_list":{"0":"post-13341","1":"product","2":"type-product","3":"status-publish","4":"has-post-thumbnail","6":"product_cat-coniferes","7":"product_tag-naturelle","8":"pa_altezza-massima-0_50-metres","9":"pa_altezza-massima-100-fr","10":"pa_condizionamento-clt-fr","11":"pa_condizionamento-vs-fr","12":"pa_famiglia-cupressaceae-fr","13":"pa_genere-thuja-fr","14":"pa_inquinamento-resistance-a-la-pollution","15":"pa_origine-hollande","16":"pa_portamento-arrondi","17":"pa_resistenza-climatica-tres-elevee","18":"pa_resistenza-del-suolo-resistant-aux-sols-calcaires","19":"pa_utilizzo-balcons","20":"pa_utilizzo-petits-jardins","22":"first","23":"instock","24":"purchasable","25":"product-type-simple"},"acf":[],"_links":{"self":[{"href":"https:\/\/innocentiemangonipiante.it\/fr\/wp-json\/wp\/v2\/product\/13341","targetHints":{"allow":["GET"]}}],"collection":[{"href":"https:\/\/innocentiemangonipiante.it\/fr\/wp-json\/wp\/v2\/product"}],"about":[{"href":"https:\/\/innocentiemangonipiante.it\/fr\/wp-json\/wp\/v2\/types\/product"}],"wp:featuredmedia":[{"embeddable":true,"href":"https:\/\/innocentiemangonipiante.it\/fr\/wp-json\/wp\/v2\/media\/5750"}],"wp:attachment":[{"href":"https:\/\/innocentiemangonipiante.it\/fr\/wp-json\/wp\/v2\/media?parent=13341"}],"wp:term":[{"taxonomy":"product_brand","embeddable":true,"href":"https:\/\/innocentiemangonipiante.it\/fr\/wp-json\/wp\/v2\/product_brand?post=13341"},{"taxonomy":"product_cat","embeddable":true,"href":"https:\/\/innocentiemangonipiante.it\/fr\/wp-json\/wp\/v2\/product_cat?post=13341"},{"taxonomy":"product_tag","embeddable":true,"href":"https:\/\/innocentiemangonipiante.it\/fr\/wp-json\/wp\/v2\/product_tag?post=13341"}],"curies":[{"name":"wp","href":"https:\/\/api.w.org\/{rel}","templated":true}]}}