{"id":13344,"date":"2023-11-04T03:14:35","date_gmt":"2023-11-04T02:14:35","guid":{"rendered":"http:\/\/innocentiemangonipiante.it\/thunbergia-grandiflora\/"},"modified":"2023-11-06T16:04:19","modified_gmt":"2023-11-06T15:04:19","slug":"thunbergia-grandiflora","status":"publish","type":"product","link":"https:\/\/innocentiemangonipiante.it\/fr\/thunbergia-grandiflora\/","title":{"rendered":"THUNBERGIA grandiflora"},"content":{"rendered":"<p>Vigoureuse, grimpante, vivace, persistante. Feuilles vertes fonc\u00e9 de 10 \u00e0 20cm. En \u00e9t\u00e9 produit des fleurs en forme de trompette, bleu-lavande ou bleu-violet ou blanches avec coeurs jaunes.<\/p>\n","protected":false},"excerpt":{"rendered":"<p>Vigoureuse, grimpante, vivace, persistante. Feuilles vertes fonc\u00e9 de 10 \u00e0 20cm. En \u00e9t\u00e9 produit des fleurs en forme de trompette, bleu-lavande ou bleu-violet ou blanches avec coeurs jaunes.<\/p>\n","protected":false},"featured_media":5774,"template":"","meta":{"_acf_changed":false},"product_brand":[],"product_cat":[8836],"product_tag":[10897],"class_list":{"0":"post-13344","1":"product","2":"type-product","3":"status-publish","4":"has-post-thumbnail","6":"product_cat-lianes","7":"product_tag-naturelle","8":"pa_altezza-massima-800-fr","9":"pa_altezza-massima-1000-fr-2","10":"pa_colore-fioritura-bleu","11":"pa_condizionamento-clt-fr","12":"pa_famiglia-acanthaceae-fr","13":"pa_genere-thunbergia-fr","14":"pa_origine-inde","15":"pa_periodo-fioritura-aout","16":"pa_periodo-fioritura-juillet","17":"pa_resistenza-climatica-tres-faible","18":"pa_utilizzo-parcs","19":"pa_utilizzo-petits-jardins","21":"first","22":"instock","23":"purchasable","24":"product-type-simple"},"acf":[],"_links":{"self":[{"href":"https:\/\/innocentiemangonipiante.it\/fr\/wp-json\/wp\/v2\/product\/13344","targetHints":{"allow":["GET"]}}],"collection":[{"href":"https:\/\/innocentiemangonipiante.it\/fr\/wp-json\/wp\/v2\/product"}],"about":[{"href":"https:\/\/innocentiemangonipiante.it\/fr\/wp-json\/wp\/v2\/types\/product"}],"wp:featuredmedia":[{"embeddable":true,"href":"https:\/\/innocentiemangonipiante.it\/fr\/wp-json\/wp\/v2\/media\/5774"}],"wp:attachment":[{"href":"https:\/\/innocentiemangonipiante.it\/fr\/wp-json\/wp\/v2\/media?parent=13344"}],"wp:term":[{"taxonomy":"product_brand","embeddable":true,"href":"https:\/\/innocentiemangonipiante.it\/fr\/wp-json\/wp\/v2\/product_brand?post=13344"},{"taxonomy":"product_cat","embeddable":true,"href":"https:\/\/innocentiemangonipiante.it\/fr\/wp-json\/wp\/v2\/product_cat?post=13344"},{"taxonomy":"product_tag","embeddable":true,"href":"https:\/\/innocentiemangonipiante.it\/fr\/wp-json\/wp\/v2\/product_tag?post=13344"}],"curies":[{"name":"wp","href":"https:\/\/api.w.org\/{rel}","templated":true}]}}