{"id":13345,"date":"2023-11-04T03:14:55","date_gmt":"2023-11-04T02:14:55","guid":{"rendered":"http:\/\/innocentiemangonipiante.it\/thymus-vulgaris\/"},"modified":"2023-11-06T16:04:26","modified_gmt":"2023-11-06T15:04:26","slug":"thymus-vulgaris","status":"publish","type":"product","link":"https:\/\/innocentiemangonipiante.it\/fr\/thymus-vulgaris\/","title":{"rendered":"THYMUS vulgaris"},"content":{"rendered":"<p>Plante aromatique, avec port expans\u00e9, feuilles lin\u00e9aires\/elliptiques, grisvertes jusqu\u2019\u00e0 1,5cm de longueur. \u00c0 la fin du printemps, d\u00e9but de l\u2019\u00e9t\u00e9 fleurs de pourpre \u00e0 blanches.<\/p>\n","protected":false},"excerpt":{"rendered":"<p>Plante aromatique, avec port expans\u00e9, feuilles lin\u00e9aires\/elliptiques, grisvertes jusqu\u2019\u00e0 1,5cm de longueur. \u00c0 la fin du printemps, d\u00e9but de l\u2019\u00e9t\u00e9 fleurs de pourpre \u00e0 blanches.<\/p>\n","protected":false},"featured_media":5780,"template":"","meta":{"_acf_changed":false},"product_brand":[],"product_cat":[8317],"product_tag":[10897],"class_list":{"0":"post-13345","1":"product","2":"type-product","3":"status-publish","4":"has-post-thumbnail","6":"product_cat-sans-categorie","7":"product_tag-naturelle","8":"pa_altezza-massima-0_15-metres","9":"pa_altezza-massima-0_40-metres","10":"pa_colore-fioritura-blanc","11":"pa_condizionamento-clt-fr","12":"pa_famiglia-lamiaceae-fr","13":"pa_genere-thymus-fr","14":"pa_origine-italie","15":"pa_periodo-fioritura-juin","16":"pa_periodo-fioritura-mai","17":"pa_portamento-arrondi","18":"pa_profumo-delicat","19":"pa_resistenza-climatica-tres-elevee","20":"pa_resistenza-del-suolo-resistant-aux-sols-calcaires","21":"pa_resistenza-del-suolo-resistant-aux-sols-secs","22":"pa_utilizzo-balcons","23":"pa_utilizzo-petits-jardins","25":"first","26":"instock","27":"purchasable","28":"product-type-simple"},"acf":[],"_links":{"self":[{"href":"https:\/\/innocentiemangonipiante.it\/fr\/wp-json\/wp\/v2\/product\/13345","targetHints":{"allow":["GET"]}}],"collection":[{"href":"https:\/\/innocentiemangonipiante.it\/fr\/wp-json\/wp\/v2\/product"}],"about":[{"href":"https:\/\/innocentiemangonipiante.it\/fr\/wp-json\/wp\/v2\/types\/product"}],"wp:featuredmedia":[{"embeddable":true,"href":"https:\/\/innocentiemangonipiante.it\/fr\/wp-json\/wp\/v2\/media\/5780"}],"wp:attachment":[{"href":"https:\/\/innocentiemangonipiante.it\/fr\/wp-json\/wp\/v2\/media?parent=13345"}],"wp:term":[{"taxonomy":"product_brand","embeddable":true,"href":"https:\/\/innocentiemangonipiante.it\/fr\/wp-json\/wp\/v2\/product_brand?post=13345"},{"taxonomy":"product_cat","embeddable":true,"href":"https:\/\/innocentiemangonipiante.it\/fr\/wp-json\/wp\/v2\/product_cat?post=13345"},{"taxonomy":"product_tag","embeddable":true,"href":"https:\/\/innocentiemangonipiante.it\/fr\/wp-json\/wp\/v2\/product_tag?post=13345"}],"curies":[{"name":"wp","href":"https:\/\/api.w.org\/{rel}","templated":true}]}}