{"id":13348,"date":"2023-11-04T03:15:59","date_gmt":"2023-11-04T02:15:59","guid":{"rendered":"http:\/\/innocentiemangonipiante.it\/tilia-tomentosa\/"},"modified":"2023-11-06T16:04:59","modified_gmt":"2023-11-06T15:04:59","slug":"tilia-tomentosa","status":"publish","type":"product","link":"https:\/\/innocentiemangonipiante.it\/fr\/tilia-tomentosa\/","title":{"rendered":"TILIA tomentosa"},"content":{"rendered":"<p>Arbre de colonnaire \u00e0 conique, feuilles arrondies vert sombre sur la face sup\u00e9rieure et blanc argent\u00e9 sur la face inf\u00e9rieure. En \u00e9t\u00e9, il donne des fleurs blanches tr\u00e8s parfum\u00e9es.<\/p>\n","protected":false},"excerpt":{"rendered":"<p>Arbre de colonnaire \u00e0 conique, feuilles arrondies vert sombre sur la face sup\u00e9rieure et blanc argent\u00e9 sur la face inf\u00e9rieure. En \u00e9t\u00e9, il donne des fleurs blanches tr\u00e8s parfum\u00e9es.<\/p>\n","protected":false},"featured_media":5840,"template":"","meta":{"_acf_changed":false},"product_brand":[],"product_cat":[8812,9230],"product_tag":[10897,8400],"class_list":{"0":"post-13348","1":"product","2":"type-product","3":"status-publish","4":"has-post-thumbnail","6":"product_cat-arbres-et-arbustes-a-feuilles-caduques","7":"product_cat-arbres-et-plantes-du-futur","8":"product_tag-naturelle","9":"product_tag-tige","10":"pa_altezza-massima-20-metres","11":"pa_altezza-massima-30-metres","12":"pa_colore-fioritura-blanc","13":"pa_condizionamento-clt-fr","14":"pa_condizionamento-motte","15":"pa_famiglia-tiliaceae-fr","16":"pa_genere-tilia-fr","17":"pa_inquinamento-resistance-a-la-pollution","18":"pa_origine-europe-centrale","19":"pa_periodo-fioritura-juillet","20":"pa_periodo-fioritura-juin","21":"pa_portamento-piramidale-fr","22":"pa_profumo-intense-fr","23":"pa_resistenza-climatica-moyenne-elevee","24":"pa_resistenza-del-suolo-resistant-aux-sols-calcaires","25":"pa_resistenza-del-suolo-resistant-aux-sols-secs","26":"pa_utilizzo-avenues-fr","27":"pa_utilizzo-parcs","29":"first","30":"instock","31":"purchasable","32":"product-type-simple"},"acf":[],"_links":{"self":[{"href":"https:\/\/innocentiemangonipiante.it\/fr\/wp-json\/wp\/v2\/product\/13348","targetHints":{"allow":["GET"]}}],"collection":[{"href":"https:\/\/innocentiemangonipiante.it\/fr\/wp-json\/wp\/v2\/product"}],"about":[{"href":"https:\/\/innocentiemangonipiante.it\/fr\/wp-json\/wp\/v2\/types\/product"}],"wp:featuredmedia":[{"embeddable":true,"href":"https:\/\/innocentiemangonipiante.it\/fr\/wp-json\/wp\/v2\/media\/5840"}],"wp:attachment":[{"href":"https:\/\/innocentiemangonipiante.it\/fr\/wp-json\/wp\/v2\/media?parent=13348"}],"wp:term":[{"taxonomy":"product_brand","embeddable":true,"href":"https:\/\/innocentiemangonipiante.it\/fr\/wp-json\/wp\/v2\/product_brand?post=13348"},{"taxonomy":"product_cat","embeddable":true,"href":"https:\/\/innocentiemangonipiante.it\/fr\/wp-json\/wp\/v2\/product_cat?post=13348"},{"taxonomy":"product_tag","embeddable":true,"href":"https:\/\/innocentiemangonipiante.it\/fr\/wp-json\/wp\/v2\/product_tag?post=13348"}],"curies":[{"name":"wp","href":"https:\/\/api.w.org\/{rel}","templated":true}]}}