{"id":13350,"date":"2023-11-04T03:15:39","date_gmt":"2023-11-04T02:15:39","guid":{"rendered":"http:\/\/innocentiemangonipiante.it\/tilia-henryana\/"},"modified":"2023-11-06T16:04:47","modified_gmt":"2023-11-06T15:04:47","slug":"tilia-henryana","status":"publish","type":"product","link":"https:\/\/innocentiemangonipiante.it\/fr\/tilia-henryana\/","title":{"rendered":"TILIA henryana"},"content":{"rendered":"<p>Croissance lente, port expans\u00e9. Feuilles largement ov\u00e9es, bronz\u00e9es en jeune \u00e2ge apr\u00e8s vert brillant, tr\u00e8s particuliers les bords d\u00e9ntel\u00e9s. Floraison en grappe tr\u00e8s d\u00e9corative mais surtout tr\u00e8s odorante.<\/p>\n","protected":false},"excerpt":{"rendered":"<p>Croissance lente, port expans\u00e9. Feuilles largement ov\u00e9es, bronz\u00e9es en jeune \u00e2ge apr\u00e8s vert brillant, tr\u00e8s particuliers les bords d\u00e9ntel\u00e9s. Floraison en grappe tr\u00e8s d\u00e9corative mais surtout tr\u00e8s odorante.<\/p>\n","protected":false},"featured_media":5822,"template":"","meta":{"_acf_changed":false},"product_brand":[],"product_cat":[8812,9230],"product_tag":[10897,8596,8400],"class_list":{"0":"post-13350","1":"product","2":"type-product","3":"status-publish","4":"has-post-thumbnail","6":"product_cat-arbres-et-arbustes-a-feuilles-caduques","7":"product_cat-arbres-et-plantes-du-futur","8":"product_tag-naturelle","9":"product_tag-cepee","10":"product_tag-tige","11":"pa_altezza-massima-15-metres","12":"pa_altezza-massima-20-metres","13":"pa_colore-fioritura-blanc","14":"pa_condizionamento-clt-fr","15":"pa_condizionamento-motte","16":"pa_famiglia-tiliaceae-fr","17":"pa_genere-tilia-fr","18":"pa_origine-chine","19":"pa_periodo-fioritura-juillet","20":"pa_periodo-fioritura-juin","21":"pa_portamento-arrondi","22":"pa_profumo-intense-fr","23":"pa_resistenza-climatica-tres-elevee","24":"pa_resistenza-del-suolo-resistant-aux-sols-calcaires","25":"pa_utilizzo-parcs","26":"pa_utilizzo-petits-jardins","28":"first","29":"instock","30":"purchasable","31":"product-type-simple"},"acf":[],"_links":{"self":[{"href":"https:\/\/innocentiemangonipiante.it\/fr\/wp-json\/wp\/v2\/product\/13350","targetHints":{"allow":["GET"]}}],"collection":[{"href":"https:\/\/innocentiemangonipiante.it\/fr\/wp-json\/wp\/v2\/product"}],"about":[{"href":"https:\/\/innocentiemangonipiante.it\/fr\/wp-json\/wp\/v2\/types\/product"}],"wp:featuredmedia":[{"embeddable":true,"href":"https:\/\/innocentiemangonipiante.it\/fr\/wp-json\/wp\/v2\/media\/5822"}],"wp:attachment":[{"href":"https:\/\/innocentiemangonipiante.it\/fr\/wp-json\/wp\/v2\/media?parent=13350"}],"wp:term":[{"taxonomy":"product_brand","embeddable":true,"href":"https:\/\/innocentiemangonipiante.it\/fr\/wp-json\/wp\/v2\/product_brand?post=13350"},{"taxonomy":"product_cat","embeddable":true,"href":"https:\/\/innocentiemangonipiante.it\/fr\/wp-json\/wp\/v2\/product_cat?post=13350"},{"taxonomy":"product_tag","embeddable":true,"href":"https:\/\/innocentiemangonipiante.it\/fr\/wp-json\/wp\/v2\/product_tag?post=13350"}],"curies":[{"name":"wp","href":"https:\/\/api.w.org\/{rel}","templated":true}]}}