{"id":13352,"date":"2023-11-04T03:16:28","date_gmt":"2023-11-04T02:16:28","guid":{"rendered":"http:\/\/innocentiemangonipiante.it\/tilia-x-europaea-pallida\/"},"modified":"2023-11-06T16:05:10","modified_gmt":"2023-11-06T15:05:10","slug":"tilia-x-europaea-pallida","status":"publish","type":"product","link":"https:\/\/innocentiemangonipiante.it\/fr\/tilia-x-europaea-pallida\/","title":{"rendered":"TILIA x europaea &lsquo;Pallida&rsquo;"},"content":{"rendered":"<p>Grand arbre \u00e0 feuilles caduques au port conique et r\u00e9gulier, tr\u00e8s vigoureux. Les branches plus jeunes prennent une couleur rouge\u00e2tre caract\u00e9ristique en hiver. Il d\u00e9veloppe des feuilles de couleur vert clair qui virent au jaune d\u2019or en automne.<\/p>\n","protected":false},"excerpt":{"rendered":"<p>Grand arbre \u00e0 feuilles caduques au port conique et r\u00e9gulier, tr\u00e8s vigoureux. Les branches plus jeunes prennent une couleur rouge\u00e2tre caract\u00e9ristique en hiver. Il d\u00e9veloppe des feuilles de couleur vert clair qui virent au jaune d\u2019or en automne.<\/p>\n","protected":false},"featured_media":5859,"template":"","meta":{"_acf_changed":false},"product_brand":[],"product_cat":[8812],"product_tag":[10897,8400,8424],"class_list":{"0":"post-13352","1":"product","2":"type-product","3":"status-publish","4":"has-post-thumbnail","6":"product_cat-arbres-et-arbustes-a-feuilles-caduques","7":"product_tag-naturelle","8":"product_tag-tige","9":"product_tag-tige-espalier","10":"pa_altezza-massima-25-metres","11":"pa_altezza-massima-35-metres","12":"pa_arte-topiaria-disponible-plante-en-forme","13":"pa_colore-fioritura-jaune","14":"pa_condizionamento-clt-fr","15":"pa_condizionamento-motte","16":"pa_famiglia-tiliaceae-fr","17":"pa_genere-tilia-fr","18":"pa_origine-europe-fr","19":"pa_periodo-fioritura-juin","20":"pa_periodo-fioritura-mai","21":"pa_portamento-piramidale-fr","22":"pa_profumo-intense-fr","23":"pa_resistenza-climatica-tres-elevee","24":"pa_resistenza-del-suolo-resistant-aux-sols-calcaires","25":"pa_utilizzo-avenues-fr","26":"pa_utilizzo-parcs","28":"first","29":"instock","30":"purchasable","31":"product-type-simple"},"acf":[],"_links":{"self":[{"href":"https:\/\/innocentiemangonipiante.it\/fr\/wp-json\/wp\/v2\/product\/13352","targetHints":{"allow":["GET"]}}],"collection":[{"href":"https:\/\/innocentiemangonipiante.it\/fr\/wp-json\/wp\/v2\/product"}],"about":[{"href":"https:\/\/innocentiemangonipiante.it\/fr\/wp-json\/wp\/v2\/types\/product"}],"wp:featuredmedia":[{"embeddable":true,"href":"https:\/\/innocentiemangonipiante.it\/fr\/wp-json\/wp\/v2\/media\/5859"}],"wp:attachment":[{"href":"https:\/\/innocentiemangonipiante.it\/fr\/wp-json\/wp\/v2\/media?parent=13352"}],"wp:term":[{"taxonomy":"product_brand","embeddable":true,"href":"https:\/\/innocentiemangonipiante.it\/fr\/wp-json\/wp\/v2\/product_brand?post=13352"},{"taxonomy":"product_cat","embeddable":true,"href":"https:\/\/innocentiemangonipiante.it\/fr\/wp-json\/wp\/v2\/product_cat?post=13352"},{"taxonomy":"product_tag","embeddable":true,"href":"https:\/\/innocentiemangonipiante.it\/fr\/wp-json\/wp\/v2\/product_tag?post=13352"}],"curies":[{"name":"wp","href":"https:\/\/api.w.org\/{rel}","templated":true}]}}