{"id":13355,"date":"2023-11-04T03:15:25","date_gmt":"2023-11-04T02:15:25","guid":{"rendered":"http:\/\/innocentiemangonipiante.it\/tilia-cordata-rancho\/"},"modified":"2023-11-06T16:04:40","modified_gmt":"2023-11-06T15:04:40","slug":"tilia-cordata-rancho","status":"publish","type":"product","link":"https:\/\/innocentiemangonipiante.it\/fr\/tilia-cordata-rancho\/","title":{"rendered":"TILIA cordata &lsquo;Rancho&rsquo;"},"content":{"rendered":"<p>Tilleul de taille moyenne, couronne d\u2019abord a\u00e9r\u00e9e apr\u00e8s conique et \u00e9troite. Feuilles luisantes. Cette variet\u00e9 bien supporte la pollution. Offre une bonne r\u00e9sistance au vent.<\/p>\n","protected":false},"excerpt":{"rendered":"<p>Tilleul de taille moyenne, couronne d\u2019abord a\u00e9r\u00e9e apr\u00e8s conique et \u00e9troite. Feuilles luisantes. Cette variet\u00e9 bien supporte la pollution. Offre une bonne r\u00e9sistance au vent.<\/p>\n","protected":false},"featured_media":5810,"template":"","meta":{"_acf_changed":false},"product_brand":[],"product_cat":[8812],"product_tag":[10897,8596,8400],"class_list":{"0":"post-13355","1":"product","2":"type-product","3":"status-publish","4":"has-post-thumbnail","6":"product_cat-arbres-et-arbustes-a-feuilles-caduques","7":"product_tag-naturelle","8":"product_tag-cepee","9":"product_tag-tige","10":"pa_altezza-massima-15-metres","11":"pa_altezza-massima-20-metres","12":"pa_condizionamento-clt-fr","13":"pa_condizionamento-motte","14":"pa_famiglia-tiliaceae-fr","15":"pa_genere-tilia-fr","16":"pa_inquinamento-resistance-a-la-pollution","17":"pa_origine-origine-delle-piante-u-s-a","18":"pa_portamento-conico-fr","19":"pa_profumo-intense-fr","20":"pa_resistenza-climatica-tres-elevee","21":"pa_resistenza-del-suolo-resistant-aux-sols-calcaires","22":"pa_utilizzo-avenues-fr","24":"first","25":"instock","26":"purchasable","27":"product-type-simple"},"acf":[],"_links":{"self":[{"href":"https:\/\/innocentiemangonipiante.it\/fr\/wp-json\/wp\/v2\/product\/13355","targetHints":{"allow":["GET"]}}],"collection":[{"href":"https:\/\/innocentiemangonipiante.it\/fr\/wp-json\/wp\/v2\/product"}],"about":[{"href":"https:\/\/innocentiemangonipiante.it\/fr\/wp-json\/wp\/v2\/types\/product"}],"wp:featuredmedia":[{"embeddable":true,"href":"https:\/\/innocentiemangonipiante.it\/fr\/wp-json\/wp\/v2\/media\/5810"}],"wp:attachment":[{"href":"https:\/\/innocentiemangonipiante.it\/fr\/wp-json\/wp\/v2\/media?parent=13355"}],"wp:term":[{"taxonomy":"product_brand","embeddable":true,"href":"https:\/\/innocentiemangonipiante.it\/fr\/wp-json\/wp\/v2\/product_brand?post=13355"},{"taxonomy":"product_cat","embeddable":true,"href":"https:\/\/innocentiemangonipiante.it\/fr\/wp-json\/wp\/v2\/product_cat?post=13355"},{"taxonomy":"product_tag","embeddable":true,"href":"https:\/\/innocentiemangonipiante.it\/fr\/wp-json\/wp\/v2\/product_tag?post=13355"}],"curies":[{"name":"wp","href":"https:\/\/api.w.org\/{rel}","templated":true}]}}