{"id":13356,"date":"2023-11-04T03:15:19","date_gmt":"2023-11-04T02:15:19","guid":{"rendered":"http:\/\/innocentiemangonipiante.it\/tilia-cordata-greenspire\/"},"modified":"2023-11-06T16:04:37","modified_gmt":"2023-11-06T15:04:37","slug":"tilia-cordata-greenspire","status":"publish","type":"product","link":"https:\/\/innocentiemangonipiante.it\/fr\/tilia-cordata-greenspire\/","title":{"rendered":"TILIA cordata &lsquo;Greenspire&rsquo; \u00ae"},"content":{"rendered":"<p>Arbre de taille moyenne au port \u00e9rig\u00e9, tr\u00e8s vigoureux. La couronne rev\u00eat, d\u00e8s le jeune \u00e2ge, une forme dense conique et r\u00e9guli\u00e8re. Les feuilles sont arrondies, d\u2019une longueur de 10 cm, luisantes et de couleur vert sombre qui vire au jaune d\u2019or en automne, l\u00e9g\u00e8rement concaves sur la face sup\u00e9rieure.<\/p>\n","protected":false},"excerpt":{"rendered":"<p>Arbre de taille moyenne au port \u00e9rig\u00e9, tr\u00e8s vigoureux. La couronne rev\u00eat, d\u00e8s le jeune \u00e2ge, une forme dense conique et r\u00e9guli\u00e8re. Les feuilles sont arrondies, d\u2019une longueur de 10 cm, luisantes et de couleur vert sombre qui vire au jaune d\u2019or en automne, l\u00e9g\u00e8rement concaves sur la face sup\u00e9rieure.<\/p>\n","protected":false},"featured_media":5804,"template":"","meta":{"_acf_changed":false},"product_brand":[],"product_cat":[8812],"product_tag":[10897,8596,8400],"class_list":{"0":"post-13356","1":"product","2":"type-product","3":"status-publish","4":"has-post-thumbnail","6":"product_cat-arbres-et-arbustes-a-feuilles-caduques","7":"product_tag-naturelle","8":"product_tag-cepee","9":"product_tag-tige","10":"pa_altezza-massima-15-metres","11":"pa_altezza-massima-20-metres","12":"pa_colore-fioritura-jaune","13":"pa_condizionamento-clt-fr","14":"pa_condizionamento-motte","15":"pa_famiglia-tiliaceae-fr","16":"pa_genere-tilia-fr","17":"pa_inquinamento-resistance-a-la-pollution","18":"pa_origine-origine-delle-piante-u-s-a","19":"pa_periodo-fioritura-aout","20":"pa_portamento-arrondi","21":"pa_profumo-intense-fr","22":"pa_resistenza-climatica-tres-elevee","23":"pa_resistenza-del-suolo-resistant-aux-sols-calcaires","24":"pa_utilizzo-avenues-fr","26":"first","27":"instock","28":"purchasable","29":"product-type-simple"},"acf":[],"_links":{"self":[{"href":"https:\/\/innocentiemangonipiante.it\/fr\/wp-json\/wp\/v2\/product\/13356","targetHints":{"allow":["GET"]}}],"collection":[{"href":"https:\/\/innocentiemangonipiante.it\/fr\/wp-json\/wp\/v2\/product"}],"about":[{"href":"https:\/\/innocentiemangonipiante.it\/fr\/wp-json\/wp\/v2\/types\/product"}],"wp:featuredmedia":[{"embeddable":true,"href":"https:\/\/innocentiemangonipiante.it\/fr\/wp-json\/wp\/v2\/media\/5804"}],"wp:attachment":[{"href":"https:\/\/innocentiemangonipiante.it\/fr\/wp-json\/wp\/v2\/media?parent=13356"}],"wp:term":[{"taxonomy":"product_brand","embeddable":true,"href":"https:\/\/innocentiemangonipiante.it\/fr\/wp-json\/wp\/v2\/product_brand?post=13356"},{"taxonomy":"product_cat","embeddable":true,"href":"https:\/\/innocentiemangonipiante.it\/fr\/wp-json\/wp\/v2\/product_cat?post=13356"},{"taxonomy":"product_tag","embeddable":true,"href":"https:\/\/innocentiemangonipiante.it\/fr\/wp-json\/wp\/v2\/product_tag?post=13356"}],"curies":[{"name":"wp","href":"https:\/\/api.w.org\/{rel}","templated":true}]}}