{"id":13357,"date":"2023-11-04T03:15:13","date_gmt":"2023-11-04T02:15:13","guid":{"rendered":"http:\/\/innocentiemangonipiante.it\/tilia-cordata\/"},"modified":"2023-11-06T16:04:34","modified_gmt":"2023-11-06T15:04:34","slug":"tilia-cordata","status":"publish","type":"product","link":"https:\/\/innocentiemangonipiante.it\/fr\/tilia-cordata\/","title":{"rendered":"TILIA cordata"},"content":{"rendered":"<p>Arbre \u00e0 feuilles caduques au port largement conique d\u2019abord, puis plus arrondi. Les feuilles sont altern\u00e9es, arrondies, d\u2019une longueur de 8 cm, de couleur vert sombre, vert bleu sur la face inf\u00e9rieure qui virent au jaune en automne. \u00c0 la moiti\u00e9 de l\u2019\u00e9t\u00e9, se d\u00e9veloppent des cymes de 10 fleurs environ de couleur jaune clair.<\/p>\n","protected":false},"excerpt":{"rendered":"<p>Arbre \u00e0 feuilles caduques au port largement conique d\u2019abord, puis plus arrondi. Les feuilles sont altern\u00e9es, arrondies, d\u2019une longueur de 8 cm, de couleur vert sombre, vert bleu sur la face inf\u00e9rieure qui virent au jaune en automne. \u00c0 la moiti\u00e9 de l\u2019\u00e9t\u00e9, se d\u00e9veloppent des cymes de 10 fleurs environ de couleur jaune clair.<\/p>\n","protected":false},"featured_media":5798,"template":"","meta":{"_acf_changed":false},"product_brand":[],"product_cat":[8812],"product_tag":[10897,8596,8400],"class_list":{"0":"post-13357","1":"product","2":"type-product","3":"status-publish","4":"has-post-thumbnail","6":"product_cat-arbres-et-arbustes-a-feuilles-caduques","7":"product_tag-naturelle","8":"product_tag-cepee","9":"product_tag-tige","10":"pa_altezza-massima-15-metres","11":"pa_altezza-massima-25-metres","12":"pa_colore-fioritura-jaune","13":"pa_condizionamento-clt-fr","14":"pa_condizionamento-motte","15":"pa_famiglia-tiliaceae-fr","16":"pa_genere-tilia-fr","17":"pa_inquinamento-resistance-a-la-pollution","18":"pa_origine-europe-fr","19":"pa_periodo-fioritura-aout","20":"pa_portamento-arrondi","21":"pa_profumo-intense-fr","22":"pa_resistenza-climatica-tres-elevee","23":"pa_resistenza-del-suolo-resistant-aux-sols-calcaires","24":"pa_utilizzo-avenues-fr","26":"first","27":"instock","28":"purchasable","29":"product-type-simple"},"acf":[],"_links":{"self":[{"href":"https:\/\/innocentiemangonipiante.it\/fr\/wp-json\/wp\/v2\/product\/13357","targetHints":{"allow":["GET"]}}],"collection":[{"href":"https:\/\/innocentiemangonipiante.it\/fr\/wp-json\/wp\/v2\/product"}],"about":[{"href":"https:\/\/innocentiemangonipiante.it\/fr\/wp-json\/wp\/v2\/types\/product"}],"wp:featuredmedia":[{"embeddable":true,"href":"https:\/\/innocentiemangonipiante.it\/fr\/wp-json\/wp\/v2\/media\/5798"}],"wp:attachment":[{"href":"https:\/\/innocentiemangonipiante.it\/fr\/wp-json\/wp\/v2\/media?parent=13357"}],"wp:term":[{"taxonomy":"product_brand","embeddable":true,"href":"https:\/\/innocentiemangonipiante.it\/fr\/wp-json\/wp\/v2\/product_brand?post=13357"},{"taxonomy":"product_cat","embeddable":true,"href":"https:\/\/innocentiemangonipiante.it\/fr\/wp-json\/wp\/v2\/product_cat?post=13357"},{"taxonomy":"product_tag","embeddable":true,"href":"https:\/\/innocentiemangonipiante.it\/fr\/wp-json\/wp\/v2\/product_tag?post=13357"}],"curies":[{"name":"wp","href":"https:\/\/api.w.org\/{rel}","templated":true}]}}