{"id":13358,"date":"2023-11-04T03:15:06","date_gmt":"2023-11-04T02:15:06","guid":{"rendered":"http:\/\/innocentiemangonipiante.it\/tilia-americana-american-sentry\/"},"modified":"2023-11-06T16:04:31","modified_gmt":"2023-11-06T15:04:31","slug":"tilia-americana-american-sentry","status":"publish","type":"product","link":"https:\/\/innocentiemangonipiante.it\/fr\/tilia-americana-american-sentry\/","title":{"rendered":"TILIA americana &lsquo;American Sentry&rsquo; \u00ae"},"content":{"rendered":"<p>Arbre r\u00e9cemment introduit, interessant pour son port \u00e9rig\u00e9 et la forme tr\u00e8s pyramidale. Il produit abondantes fleurs parfum\u00e9es jaune clair au d\u00e9but de l\u2019\u00e9t\u00e9. Tr\u00e8s polyvalent n\u00e9cessite peu d\u2019entretien.<\/p>\n","protected":false},"excerpt":{"rendered":"<p>Arbre r\u00e9cemment introduit, interessant pour son port \u00e9rig\u00e9 et la forme tr\u00e8s pyramidale. Il produit abondantes fleurs parfum\u00e9es jaune clair au d\u00e9but de l\u2019\u00e9t\u00e9. Tr\u00e8s polyvalent n\u00e9cessite peu d\u2019entretien.<\/p>\n","protected":false},"featured_media":5792,"template":"","meta":{"_acf_changed":false},"product_brand":[],"product_cat":[8812],"product_tag":[10897,8400],"class_list":{"0":"post-13358","1":"product","2":"type-product","3":"status-publish","4":"has-post-thumbnail","6":"product_cat-arbres-et-arbustes-a-feuilles-caduques","7":"product_tag-naturelle","8":"product_tag-tige","9":"pa_altezza-massima-1000-fr-2","10":"pa_altezza-massima-15-metres","11":"pa_colore-fioritura-jaune","12":"pa_condizionamento-motte","13":"pa_famiglia-tiliaceae-fr","14":"pa_genere-tilia-fr","15":"pa_inquinamento-resistance-a-la-pollution","16":"pa_origine-origine-delle-piante-u-s-a","17":"pa_periodo-fioritura-juin","18":"pa_portamento-piramidale-fr","19":"pa_profumo-intense-fr","20":"pa_resistenza-climatica-tres-elevee","21":"pa_resistenza-del-suolo-resistant-au-sol-humide","22":"pa_resistenza-del-suolo-resistant-aux-sols-secs","23":"pa_utilizzo-avenues-fr","24":"pa_utilizzo-parcs","26":"first","27":"instock","28":"purchasable","29":"product-type-simple"},"acf":[],"_links":{"self":[{"href":"https:\/\/innocentiemangonipiante.it\/fr\/wp-json\/wp\/v2\/product\/13358","targetHints":{"allow":["GET"]}}],"collection":[{"href":"https:\/\/innocentiemangonipiante.it\/fr\/wp-json\/wp\/v2\/product"}],"about":[{"href":"https:\/\/innocentiemangonipiante.it\/fr\/wp-json\/wp\/v2\/types\/product"}],"wp:featuredmedia":[{"embeddable":true,"href":"https:\/\/innocentiemangonipiante.it\/fr\/wp-json\/wp\/v2\/media\/5792"}],"wp:attachment":[{"href":"https:\/\/innocentiemangonipiante.it\/fr\/wp-json\/wp\/v2\/media?parent=13358"}],"wp:term":[{"taxonomy":"product_brand","embeddable":true,"href":"https:\/\/innocentiemangonipiante.it\/fr\/wp-json\/wp\/v2\/product_brand?post=13358"},{"taxonomy":"product_cat","embeddable":true,"href":"https:\/\/innocentiemangonipiante.it\/fr\/wp-json\/wp\/v2\/product_cat?post=13358"},{"taxonomy":"product_tag","embeddable":true,"href":"https:\/\/innocentiemangonipiante.it\/fr\/wp-json\/wp\/v2\/product_tag?post=13358"}],"curies":[{"name":"wp","href":"https:\/\/api.w.org\/{rel}","templated":true}]}}