{"id":13359,"date":"2023-11-04T03:15:01","date_gmt":"2023-11-04T02:15:01","guid":{"rendered":"http:\/\/innocentiemangonipiante.it\/tilia-americana\/"},"modified":"2023-11-06T16:04:28","modified_gmt":"2023-11-06T15:04:28","slug":"tilia-americana","status":"publish","type":"product","link":"https:\/\/innocentiemangonipiante.it\/fr\/tilia-americana\/","title":{"rendered":"TILIA americana"},"content":{"rendered":"<p>Arbre largement colonnaire aux feuilles amplement ov\u00e9es \u00e0 arrondies, de couleur verte sombre, opaques dessus et brillantes dessous, d\u2019une longueur de 20 cm. \u00c0 la moiti\u00e9 de l\u2019\u00e9t\u00e9, s\u2019\u00e9panouissent des cymes pendantes de 10 \u00e0 15 fleurs de couleur jaune. Il pr\u00e9f\u00e8re terrains bien irrigu\u00e9s et endroits ombrag\u00e9s.<\/p>\n","protected":false},"excerpt":{"rendered":"<p>Arbre largement colonnaire aux feuilles amplement ov\u00e9es \u00e0 arrondies, de couleur verte sombre, opaques dessus et brillantes dessous, d\u2019une longueur de 20 cm. \u00c0 la moiti\u00e9 de l\u2019\u00e9t\u00e9, s\u2019\u00e9panouissent des cymes pendantes de 10 \u00e0 15 fleurs de couleur jaune. Il pr\u00e9f\u00e8re terrains bien irrigu\u00e9s et endroits ombrag\u00e9s.<\/p>\n","protected":false},"featured_media":5786,"template":"","meta":{"_acf_changed":false},"product_brand":[],"product_cat":[8812],"product_tag":[10897,8400],"class_list":{"0":"post-13359","1":"product","2":"type-product","3":"status-publish","4":"has-post-thumbnail","6":"product_cat-arbres-et-arbustes-a-feuilles-caduques","7":"product_tag-naturelle","8":"product_tag-tige","9":"pa_altezza-massima-20-metres","10":"pa_altezza-massima-25-metres","11":"pa_colore-fioritura-jaune","12":"pa_condizionamento-clt-fr","13":"pa_condizionamento-vs-fr","14":"pa_condizionamento-motte","15":"pa_famiglia-tiliaceae-fr","16":"pa_genere-tilia-fr","17":"pa_inquinamento-resistance-a-la-pollution","18":"pa_origine-origine-delle-piante-u-s-a","19":"pa_periodo-fioritura-aout","20":"pa_portamento-arrondi","21":"pa_profumo-intense-fr","22":"pa_resistenza-climatica-tres-elevee","23":"pa_resistenza-del-suolo-resistant-aux-sols-calcaires","24":"pa_utilizzo-avenues-fr","25":"pa_utilizzo-parcs","27":"first","28":"instock","29":"purchasable","30":"product-type-simple"},"acf":[],"_links":{"self":[{"href":"https:\/\/innocentiemangonipiante.it\/fr\/wp-json\/wp\/v2\/product\/13359","targetHints":{"allow":["GET"]}}],"collection":[{"href":"https:\/\/innocentiemangonipiante.it\/fr\/wp-json\/wp\/v2\/product"}],"about":[{"href":"https:\/\/innocentiemangonipiante.it\/fr\/wp-json\/wp\/v2\/types\/product"}],"wp:featuredmedia":[{"embeddable":true,"href":"https:\/\/innocentiemangonipiante.it\/fr\/wp-json\/wp\/v2\/media\/5786"}],"wp:attachment":[{"href":"https:\/\/innocentiemangonipiante.it\/fr\/wp-json\/wp\/v2\/media?parent=13359"}],"wp:term":[{"taxonomy":"product_brand","embeddable":true,"href":"https:\/\/innocentiemangonipiante.it\/fr\/wp-json\/wp\/v2\/product_brand?post=13359"},{"taxonomy":"product_cat","embeddable":true,"href":"https:\/\/innocentiemangonipiante.it\/fr\/wp-json\/wp\/v2\/product_cat?post=13359"},{"taxonomy":"product_tag","embeddable":true,"href":"https:\/\/innocentiemangonipiante.it\/fr\/wp-json\/wp\/v2\/product_tag?post=13359"}],"curies":[{"name":"wp","href":"https:\/\/api.w.org\/{rel}","templated":true}]}}