{"id":13360,"date":"2023-11-04T03:17:21","date_gmt":"2023-11-04T02:17:21","guid":{"rendered":"http:\/\/innocentiemangonipiante.it\/trachycarpus-fortunei-wagnerianus\/"},"modified":"2023-11-06T16:05:57","modified_gmt":"2023-11-06T15:05:57","slug":"trachycarpus-fortunei-wagnerianus","status":"publish","type":"product","link":"https:\/\/innocentiemangonipiante.it\/fr\/trachycarpus-fortunei-wagnerianus\/","title":{"rendered":"TRACHYCARPUS fortunei &lsquo;Wagnerianus&rsquo;"},"content":{"rendered":"<p>Une version plus forte de T. fortunei avec des feuilles plus petites et son port compact. Int\u00e9ressant pour la r\u00e9sistance au vent et froid, m\u00eame dans des conditions de forte humidit\u00e9.<\/p>\n","protected":false},"excerpt":{"rendered":"<p>Une version plus forte de T. fortunei avec des feuilles plus petites et son port compact. Int\u00e9ressant pour la r\u00e9sistance au vent et froid, m\u00eame dans des conditions de forte humidit\u00e9.<\/p>\n","protected":false},"featured_media":5877,"template":"","meta":{"_acf_changed":false},"product_brand":[],"product_cat":[8833],"product_tag":[10897],"class_list":{"0":"post-13360","1":"product","2":"type-product","3":"status-publish","4":"has-post-thumbnail","6":"product_cat-palme-et-succulent","7":"product_tag-naturelle","8":"pa_altezza-massima-400-fr","9":"pa_altezza-massima-600-fr","10":"pa_colore-fioritura-jaune","11":"pa_condizionamento-clt-fr","12":"pa_famiglia-palmae-fr","13":"pa_genere-trachycarpus-fr","14":"pa_origine-japon","15":"pa_periodo-fioritura-juin","16":"pa_portamento-eretto-fr","17":"pa_resistenza-climatica-moyenne-elevee","18":"pa_resistenza-del-suolo-resistant-au-sol-humide","19":"pa_resistenza-del-suolo-resistant-aux-sols-calcaires","20":"pa_resistenza-del-suolo-resistant-aux-sols-secs","21":"pa_utilizzo-parcs","22":"pa_utilizzo-petits-jardins","24":"first","25":"instock","26":"purchasable","27":"product-type-simple"},"acf":[],"_links":{"self":[{"href":"https:\/\/innocentiemangonipiante.it\/fr\/wp-json\/wp\/v2\/product\/13360","targetHints":{"allow":["GET"]}}],"collection":[{"href":"https:\/\/innocentiemangonipiante.it\/fr\/wp-json\/wp\/v2\/product"}],"about":[{"href":"https:\/\/innocentiemangonipiante.it\/fr\/wp-json\/wp\/v2\/types\/product"}],"wp:featuredmedia":[{"embeddable":true,"href":"https:\/\/innocentiemangonipiante.it\/fr\/wp-json\/wp\/v2\/media\/5877"}],"wp:attachment":[{"href":"https:\/\/innocentiemangonipiante.it\/fr\/wp-json\/wp\/v2\/media?parent=13360"}],"wp:term":[{"taxonomy":"product_brand","embeddable":true,"href":"https:\/\/innocentiemangonipiante.it\/fr\/wp-json\/wp\/v2\/product_brand?post=13360"},{"taxonomy":"product_cat","embeddable":true,"href":"https:\/\/innocentiemangonipiante.it\/fr\/wp-json\/wp\/v2\/product_cat?post=13360"},{"taxonomy":"product_tag","embeddable":true,"href":"https:\/\/innocentiemangonipiante.it\/fr\/wp-json\/wp\/v2\/product_tag?post=13360"}],"curies":[{"name":"wp","href":"https:\/\/api.w.org\/{rel}","templated":true}]}}