{"id":13362,"date":"2023-11-04T03:16:40","date_gmt":"2023-11-04T02:16:40","guid":{"rendered":"http:\/\/innocentiemangonipiante.it\/trachycarpus-fortunei\/"},"modified":"2023-11-06T16:05:15","modified_gmt":"2023-11-06T15:05:15","slug":"trachycarpus-fortunei","status":"publish","type":"product","link":"https:\/\/innocentiemangonipiante.it\/fr\/trachycarpus-fortunei\/","title":{"rendered":"TRACHYCARPUS fortunei"},"content":{"rendered":"<p>Palmier \u00e9rig\u00e9 au tronc rev\u00eatu de bases foliaires fibreuses. Les feuilles sont de couleur vert sombre, palm\u00e9es, en forme d\u2019\u00e9ventail, compos\u00e9es de nombreux segments pointus, en g\u00e9n\u00e9ral lob\u00e9s jusqu\u2019\u00e0 mi-feuille. Au d\u00e9but de l\u2019\u00e9t\u00e9, s\u2019\u00e9panouissent de grandes panicules compos\u00e9es de petites fleurs jaunes.<\/p>\n","protected":false},"excerpt":{"rendered":"<p>Palmier \u00e9rig\u00e9 au tronc rev\u00eatu de bases foliaires fibreuses. Les feuilles sont de couleur vert sombre, palm\u00e9es, en forme d\u2019\u00e9ventail, compos\u00e9es de nombreux segments pointus, en g\u00e9n\u00e9ral lob\u00e9s jusqu\u2019\u00e0 mi-feuille. Au d\u00e9but de l\u2019\u00e9t\u00e9, s\u2019\u00e9panouissent de grandes panicules compos\u00e9es de petites fleurs jaunes.<\/p>\n","protected":false},"featured_media":5865,"template":"","meta":{"_acf_changed":false},"product_brand":[],"product_cat":[8833,9230],"product_tag":[10897,8596],"class_list":{"0":"post-13362","1":"product","2":"type-product","3":"status-publish","4":"has-post-thumbnail","6":"product_cat-palme-et-succulent","7":"product_cat-arbres-et-plantes-du-futur","8":"product_tag-naturelle","9":"product_tag-cepee","10":"pa_altezza-massima-15-metres","11":"pa_altezza-massima-20-metres","12":"pa_colore-fioritura-jaune","13":"pa_condizionamento-clt-fr","14":"pa_condizionamento-vs-fr","15":"pa_famiglia-palmae-fr","16":"pa_genere-trachycarpus-fr","17":"pa_origine-asie","18":"pa_periodo-fioritura-juin","19":"pa_portamento-eretto-fr","20":"pa_resistenza-climatica-moyenne-elevee","21":"pa_resistenza-del-suolo-resistant-au-sol-humide","22":"pa_salinita-resistance-a-la-salinisation","23":"pa_utilizzo-avenues-fr","24":"pa_utilizzo-parcs","26":"first","27":"instock","28":"purchasable","29":"product-type-simple"},"acf":[],"_links":{"self":[{"href":"https:\/\/innocentiemangonipiante.it\/fr\/wp-json\/wp\/v2\/product\/13362","targetHints":{"allow":["GET"]}}],"collection":[{"href":"https:\/\/innocentiemangonipiante.it\/fr\/wp-json\/wp\/v2\/product"}],"about":[{"href":"https:\/\/innocentiemangonipiante.it\/fr\/wp-json\/wp\/v2\/types\/product"}],"wp:featuredmedia":[{"embeddable":true,"href":"https:\/\/innocentiemangonipiante.it\/fr\/wp-json\/wp\/v2\/media\/5865"}],"wp:attachment":[{"href":"https:\/\/innocentiemangonipiante.it\/fr\/wp-json\/wp\/v2\/media?parent=13362"}],"wp:term":[{"taxonomy":"product_brand","embeddable":true,"href":"https:\/\/innocentiemangonipiante.it\/fr\/wp-json\/wp\/v2\/product_brand?post=13362"},{"taxonomy":"product_cat","embeddable":true,"href":"https:\/\/innocentiemangonipiante.it\/fr\/wp-json\/wp\/v2\/product_cat?post=13362"},{"taxonomy":"product_tag","embeddable":true,"href":"https:\/\/innocentiemangonipiante.it\/fr\/wp-json\/wp\/v2\/product_tag?post=13362"}],"curies":[{"name":"wp","href":"https:\/\/api.w.org\/{rel}","templated":true}]}}