{"id":13364,"date":"2023-11-04T03:17:28","date_gmt":"2023-11-04T02:17:28","guid":{"rendered":"http:\/\/innocentiemangonipiante.it\/tulbaghia-violacea\/"},"modified":"2023-11-06T16:06:00","modified_gmt":"2023-11-06T15:06:00","slug":"tulbaghia-violacea","status":"publish","type":"product","link":"https:\/\/innocentiemangonipiante.it\/fr\/tulbaghia-violacea\/","title":{"rendered":"TULBAGHIA violacea"},"content":{"rendered":"<p>Vigoureuse plante vivace avec feuilles lin\u00e9aires \u00e9troites de couleur vertgris jusqu\u2019\u00e0 30 cm de longueur. De la moiti\u00e9 de l\u2019\u00e9t\u00e9 au d\u00e9but automne il produit des fleurs parfumm\u00e9es violets.<\/p>\n","protected":false},"excerpt":{"rendered":"<p>Vigoureuse plante vivace avec feuilles lin\u00e9aires \u00e9troites de couleur vertgris jusqu\u2019\u00e0 30 cm de longueur. De la moiti\u00e9 de l\u2019\u00e9t\u00e9 au d\u00e9but automne il produit des fleurs parfumm\u00e9es violets.<\/p>\n","protected":false},"featured_media":5888,"template":"","meta":{"_acf_changed":false},"product_brand":[],"product_cat":[8317],"product_tag":[10897],"class_list":{"0":"post-13364","1":"product","2":"type-product","3":"status-publish","4":"has-post-thumbnail","6":"product_cat-sans-categorie","7":"product_tag-naturelle","8":"pa_altezza-massima-0_50-metres","9":"pa_altezza-massima-0_75-metres","10":"pa_colore-fioritura-lilas","11":"pa_condizionamento-clt-fr","12":"pa_famiglia-amaryllidaceae-fr","13":"pa_genere-tulbaghia-fr","14":"pa_origine-afrique-du-sud","15":"pa_periodo-fioritura-aout","16":"pa_periodo-fioritura-octobre","17":"pa_periodo-fioritura-septembre","18":"pa_portamento-arrondi","19":"pa_resistenza-climatica-moyenne","20":"pa_resistenza-del-suolo-resistant-aux-sols-calcaires","21":"pa_resistenza-del-suolo-resistant-aux-sols-secs","22":"pa_utilizzo-balcons","23":"pa_utilizzo-bordures","24":"pa_utilizzo-parcs","25":"pa_utilizzo-petits-jardins","27":"first","28":"instock","29":"purchasable","30":"product-type-simple"},"acf":[],"_links":{"self":[{"href":"https:\/\/innocentiemangonipiante.it\/fr\/wp-json\/wp\/v2\/product\/13364","targetHints":{"allow":["GET"]}}],"collection":[{"href":"https:\/\/innocentiemangonipiante.it\/fr\/wp-json\/wp\/v2\/product"}],"about":[{"href":"https:\/\/innocentiemangonipiante.it\/fr\/wp-json\/wp\/v2\/types\/product"}],"wp:featuredmedia":[{"embeddable":true,"href":"https:\/\/innocentiemangonipiante.it\/fr\/wp-json\/wp\/v2\/media\/5888"}],"wp:attachment":[{"href":"https:\/\/innocentiemangonipiante.it\/fr\/wp-json\/wp\/v2\/media?parent=13364"}],"wp:term":[{"taxonomy":"product_brand","embeddable":true,"href":"https:\/\/innocentiemangonipiante.it\/fr\/wp-json\/wp\/v2\/product_brand?post=13364"},{"taxonomy":"product_cat","embeddable":true,"href":"https:\/\/innocentiemangonipiante.it\/fr\/wp-json\/wp\/v2\/product_cat?post=13364"},{"taxonomy":"product_tag","embeddable":true,"href":"https:\/\/innocentiemangonipiante.it\/fr\/wp-json\/wp\/v2\/product_tag?post=13364"}],"curies":[{"name":"wp","href":"https:\/\/api.w.org\/{rel}","templated":true}]}}