{"id":13365,"date":"2023-11-04T03:17:47","date_gmt":"2023-11-04T02:17:47","guid":{"rendered":"http:\/\/innocentiemangonipiante.it\/ulmus-minor\/"},"modified":"2023-11-06T16:06:10","modified_gmt":"2023-11-06T15:06:10","slug":"ulmus-minor","status":"publish","type":"product","link":"https:\/\/innocentiemangonipiante.it\/fr\/ulmus-minor\/","title":{"rendered":"ULMUS minor"},"content":{"rendered":"<p>Arbre caduc avec port \u00e9largi et feuillage dense. Tronc droit avec \u00e9corce grise, lisse en jeune \u00e2ge, apr\u00e8s sillonn\u00e9e horizontalement \u00e0 maturit\u00e9.<\/p>\n","protected":false},"excerpt":{"rendered":"<p>Arbre caduc avec port \u00e9largi et feuillage dense. Tronc droit avec \u00e9corce grise, lisse en jeune \u00e2ge, apr\u00e8s sillonn\u00e9e horizontalement \u00e0 maturit\u00e9.<\/p>\n","protected":false},"featured_media":5906,"template":"","meta":{"_acf_changed":false},"product_brand":[],"product_cat":[8812],"product_tag":[10897,8400],"class_list":{"0":"post-13365","1":"product","2":"type-product","3":"status-publish","4":"has-post-thumbnail","6":"product_cat-arbres-et-arbustes-a-feuilles-caduques","7":"product_tag-naturelle","8":"product_tag-tige","9":"pa_altezza-massima-20-metres","10":"pa_altezza-massima-30-metres","11":"pa_condizionamento-motte","12":"pa_famiglia-ulmaceae-fr-2","13":"pa_genere-ulmus-fr","14":"pa_inquinamento-resistance-a-la-pollution","15":"pa_origine-europe-mediterraneenne","16":"pa_portamento-eretto-fr","17":"pa_resistenza-climatica-tres-elevee","18":"pa_resistenza-del-suolo-resistant-aux-sols-calcaires","19":"pa_resistenza-del-suolo-resistant-aux-sols-pauvres","20":"pa_utilizzo-parcs","22":"first","23":"instock","24":"purchasable","25":"product-type-simple"},"acf":[],"_links":{"self":[{"href":"https:\/\/innocentiemangonipiante.it\/fr\/wp-json\/wp\/v2\/product\/13365","targetHints":{"allow":["GET"]}}],"collection":[{"href":"https:\/\/innocentiemangonipiante.it\/fr\/wp-json\/wp\/v2\/product"}],"about":[{"href":"https:\/\/innocentiemangonipiante.it\/fr\/wp-json\/wp\/v2\/types\/product"}],"wp:featuredmedia":[{"embeddable":true,"href":"https:\/\/innocentiemangonipiante.it\/fr\/wp-json\/wp\/v2\/media\/5906"}],"wp:attachment":[{"href":"https:\/\/innocentiemangonipiante.it\/fr\/wp-json\/wp\/v2\/media?parent=13365"}],"wp:term":[{"taxonomy":"product_brand","embeddable":true,"href":"https:\/\/innocentiemangonipiante.it\/fr\/wp-json\/wp\/v2\/product_brand?post=13365"},{"taxonomy":"product_cat","embeddable":true,"href":"https:\/\/innocentiemangonipiante.it\/fr\/wp-json\/wp\/v2\/product_cat?post=13365"},{"taxonomy":"product_tag","embeddable":true,"href":"https:\/\/innocentiemangonipiante.it\/fr\/wp-json\/wp\/v2\/product_tag?post=13365"}],"curies":[{"name":"wp","href":"https:\/\/api.w.org\/{rel}","templated":true}]}}