{"id":13366,"date":"2023-11-04T03:18:16","date_gmt":"2023-11-04T02:18:16","guid":{"rendered":"http:\/\/innocentiemangonipiante.it\/ulmus-x-sapporo-autumn-gold\/"},"modified":"2023-11-06T16:06:57","modified_gmt":"2023-11-06T15:06:57","slug":"ulmus-x-sapporo-autumn-gold","status":"publish","type":"product","link":"https:\/\/innocentiemangonipiante.it\/fr\/ulmus-x-sapporo-autumn-gold\/","title":{"rendered":"ULMUS x &lsquo;Sapporo Autumn Gold&rsquo; \u00ae"},"content":{"rendered":"<p>Arbre \u00e0 feuilles caduques au port largement conique et aux ramifications \u00e9rig\u00e9es qui portent des feuilles ovales, lisses, dentel\u00e9es, luisantes de couleur vert sombre virant au jaune d\u2019or en automne. S\u00e9lection tr\u00e8s r\u00e9sistante \u00e0 la \u2018Graphiose\u2019.<\/p>\n","protected":false},"excerpt":{"rendered":"<p>Arbre \u00e0 feuilles caduques au port largement conique et aux ramifications \u00e9rig\u00e9es qui portent des feuilles ovales, lisses, dentel\u00e9es, luisantes de couleur vert sombre virant au jaune d\u2019or en automne. S\u00e9lection tr\u00e8s r\u00e9sistante \u00e0 la \u2018Graphiose\u2019.<\/p>\n","protected":false},"featured_media":5924,"template":"","meta":{"_acf_changed":false},"product_brand":[],"product_cat":[8812],"product_tag":[10897,8400],"class_list":{"0":"post-13366","1":"product","2":"type-product","3":"status-publish","4":"has-post-thumbnail","6":"product_cat-arbres-et-arbustes-a-feuilles-caduques","7":"product_tag-naturelle","8":"product_tag-tige","9":"pa_altezza-massima-1000-fr-2","10":"pa_altezza-massima-15-metres","11":"pa_condizionamento-clt-fr","12":"pa_condizionamento-motte","13":"pa_famiglia-ulmaceae-fr-2","14":"pa_genere-ulmus-fr","15":"pa_origine-europe-fr","16":"pa_portamento-eretto-fr","17":"pa_resistenza-climatica-tres-elevee","18":"pa_salinita-resistance-a-la-salinisation","19":"pa_utilizzo-avenues-fr","20":"pa_utilizzo-petits-jardins","22":"first","23":"instock","24":"purchasable","25":"product-type-simple"},"acf":[],"_links":{"self":[{"href":"https:\/\/innocentiemangonipiante.it\/fr\/wp-json\/wp\/v2\/product\/13366","targetHints":{"allow":["GET"]}}],"collection":[{"href":"https:\/\/innocentiemangonipiante.it\/fr\/wp-json\/wp\/v2\/product"}],"about":[{"href":"https:\/\/innocentiemangonipiante.it\/fr\/wp-json\/wp\/v2\/types\/product"}],"wp:featuredmedia":[{"embeddable":true,"href":"https:\/\/innocentiemangonipiante.it\/fr\/wp-json\/wp\/v2\/media\/5924"}],"wp:attachment":[{"href":"https:\/\/innocentiemangonipiante.it\/fr\/wp-json\/wp\/v2\/media?parent=13366"}],"wp:term":[{"taxonomy":"product_brand","embeddable":true,"href":"https:\/\/innocentiemangonipiante.it\/fr\/wp-json\/wp\/v2\/product_brand?post=13366"},{"taxonomy":"product_cat","embeddable":true,"href":"https:\/\/innocentiemangonipiante.it\/fr\/wp-json\/wp\/v2\/product_cat?post=13366"},{"taxonomy":"product_tag","embeddable":true,"href":"https:\/\/innocentiemangonipiante.it\/fr\/wp-json\/wp\/v2\/product_tag?post=13366"}],"curies":[{"name":"wp","href":"https:\/\/api.w.org\/{rel}","templated":true}]}}