{"id":13367,"date":"2023-11-04T03:17:59","date_gmt":"2023-11-04T02:17:59","guid":{"rendered":"http:\/\/innocentiemangonipiante.it\/ulmus-pumila\/"},"modified":"2023-11-06T16:06:15","modified_gmt":"2023-11-06T15:06:15","slug":"ulmus-pumila","status":"publish","type":"product","link":"https:\/\/innocentiemangonipiante.it\/fr\/ulmus-pumila\/","title":{"rendered":"ULMUS pumila"},"content":{"rendered":"<p>Orme sib\u00e9rien. Arbre caduc amplement \u00e9rig\u00e9, avec feuilles de elliptiques \u00e0 ov\u00e9es, dentel\u00e9es, de couleur vert fonc\u00e9.<\/p>\n","protected":false},"excerpt":{"rendered":"<p>Orme sib\u00e9rien. Arbre caduc amplement \u00e9rig\u00e9, avec feuilles de elliptiques \u00e0 ov\u00e9es, dentel\u00e9es, de couleur vert fonc\u00e9.<\/p>\n","protected":false},"featured_media":5912,"template":"","meta":{"_acf_changed":false},"product_brand":[],"product_cat":[8812],"product_tag":[10897,8400],"class_list":{"0":"post-13367","1":"product","2":"type-product","3":"status-publish","4":"has-post-thumbnail","6":"product_cat-arbres-et-arbustes-a-feuilles-caduques","7":"product_tag-naturelle","8":"product_tag-tige","9":"pa_altezza-massima-20-metres","10":"pa_altezza-massima-30-metres","11":"pa_condizionamento-motte","12":"pa_famiglia-ulmaceae-fr-2","13":"pa_genere-ulmus-fr","14":"pa_inquinamento-resistance-a-la-pollution","15":"pa_origine-siberie","16":"pa_portamento-arrondi","17":"pa_resistenza-climatica-tres-elevee","18":"pa_resistenza-del-suolo-resistant-aux-sols-calcaires","19":"pa_resistenza-del-suolo-resistant-aux-sols-pauvres","20":"pa_utilizzo-parcs","22":"first","23":"instock","24":"purchasable","25":"product-type-simple"},"acf":[],"_links":{"self":[{"href":"https:\/\/innocentiemangonipiante.it\/fr\/wp-json\/wp\/v2\/product\/13367","targetHints":{"allow":["GET"]}}],"collection":[{"href":"https:\/\/innocentiemangonipiante.it\/fr\/wp-json\/wp\/v2\/product"}],"about":[{"href":"https:\/\/innocentiemangonipiante.it\/fr\/wp-json\/wp\/v2\/types\/product"}],"wp:featuredmedia":[{"embeddable":true,"href":"https:\/\/innocentiemangonipiante.it\/fr\/wp-json\/wp\/v2\/media\/5912"}],"wp:attachment":[{"href":"https:\/\/innocentiemangonipiante.it\/fr\/wp-json\/wp\/v2\/media?parent=13367"}],"wp:term":[{"taxonomy":"product_brand","embeddable":true,"href":"https:\/\/innocentiemangonipiante.it\/fr\/wp-json\/wp\/v2\/product_brand?post=13367"},{"taxonomy":"product_cat","embeddable":true,"href":"https:\/\/innocentiemangonipiante.it\/fr\/wp-json\/wp\/v2\/product_cat?post=13367"},{"taxonomy":"product_tag","embeddable":true,"href":"https:\/\/innocentiemangonipiante.it\/fr\/wp-json\/wp\/v2\/product_tag?post=13367"}],"curies":[{"name":"wp","href":"https:\/\/api.w.org\/{rel}","templated":true}]}}