{"id":13368,"date":"2023-11-04T03:18:10","date_gmt":"2023-11-04T02:18:10","guid":{"rendered":"http:\/\/innocentiemangonipiante.it\/ulmus-x-lutece\/"},"modified":"2023-11-06T16:06:18","modified_gmt":"2023-11-06T15:06:18","slug":"ulmus-x-lutece","status":"publish","type":"product","link":"https:\/\/innocentiemangonipiante.it\/fr\/ulmus-x-lutece\/","title":{"rendered":"ULMUS x &lsquo;Lutece&rsquo; \u00ae"},"content":{"rendered":"<p>R\u00e9sistant aux maladies de l\u2019Ulmus. Ecorce lisse. Feuillage dense de couleur vert fonc\u00e9. Grace \u00e0 son port \u00e9lanc\u00e9 il est bien utilis\u00e9 dans les all\u00e9es et boulevards. Coloration automnale jaune dor\u00e9.<\/p>\n","protected":false},"excerpt":{"rendered":"<p>R\u00e9sistant aux maladies de l\u2019Ulmus. Ecorce lisse. Feuillage dense de couleur vert fonc\u00e9. Grace \u00e0 son port \u00e9lanc\u00e9 il est bien utilis\u00e9 dans les all\u00e9es et boulevards. Coloration automnale jaune dor\u00e9.<\/p>\n","protected":false},"featured_media":5918,"template":"","meta":{"_acf_changed":false},"product_brand":[],"product_cat":[8812],"product_tag":[10897,8400],"class_list":{"0":"post-13368","1":"product","2":"type-product","3":"status-publish","4":"has-post-thumbnail","6":"product_cat-arbres-et-arbustes-a-feuilles-caduques","7":"product_tag-naturelle","8":"product_tag-tige","9":"pa_altezza-massima-15-metres","10":"pa_altezza-massima-25-metres","11":"pa_condizionamento-motte","12":"pa_famiglia-ulmaceae-fr-2","13":"pa_genere-ulmus-fr","14":"pa_inquinamento-resistance-a-la-pollution","15":"pa_origine-hollande","16":"pa_portamento-de-colonne","17":"pa_resistenza-climatica-tres-elevee","18":"pa_resistenza-del-suolo-resistant-aux-sols-calcaires","19":"pa_resistenza-del-suolo-resistant-aux-sols-pauvres","20":"pa_utilizzo-avenues-fr","22":"first","23":"instock","24":"purchasable","25":"product-type-simple"},"acf":[],"_links":{"self":[{"href":"https:\/\/innocentiemangonipiante.it\/fr\/wp-json\/wp\/v2\/product\/13368","targetHints":{"allow":["GET"]}}],"collection":[{"href":"https:\/\/innocentiemangonipiante.it\/fr\/wp-json\/wp\/v2\/product"}],"about":[{"href":"https:\/\/innocentiemangonipiante.it\/fr\/wp-json\/wp\/v2\/types\/product"}],"wp:featuredmedia":[{"embeddable":true,"href":"https:\/\/innocentiemangonipiante.it\/fr\/wp-json\/wp\/v2\/media\/5918"}],"wp:attachment":[{"href":"https:\/\/innocentiemangonipiante.it\/fr\/wp-json\/wp\/v2\/media?parent=13368"}],"wp:term":[{"taxonomy":"product_brand","embeddable":true,"href":"https:\/\/innocentiemangonipiante.it\/fr\/wp-json\/wp\/v2\/product_brand?post=13368"},{"taxonomy":"product_cat","embeddable":true,"href":"https:\/\/innocentiemangonipiante.it\/fr\/wp-json\/wp\/v2\/product_cat?post=13368"},{"taxonomy":"product_tag","embeddable":true,"href":"https:\/\/innocentiemangonipiante.it\/fr\/wp-json\/wp\/v2\/product_tag?post=13368"}],"curies":[{"name":"wp","href":"https:\/\/api.w.org\/{rel}","templated":true}]}}