{"id":13369,"date":"2023-11-04T03:17:42","date_gmt":"2023-11-04T02:17:42","guid":{"rendered":"http:\/\/innocentiemangonipiante.it\/ulmus-glabra-pendula\/"},"modified":"2023-11-06T16:06:07","modified_gmt":"2023-11-06T15:06:07","slug":"ulmus-glabra-pendula","status":"publish","type":"product","link":"https:\/\/innocentiemangonipiante.it\/fr\/ulmus-glabra-pendula\/","title":{"rendered":"ULMUS glabra &lsquo;Pendula&rsquo;"},"content":{"rendered":"<p>Arbre \u00e0 feuilles caduques, au port pleureur. Les feuilles ov\u00e9es sont de couleur vert fonc\u00e9 et de max 15 cm de longueur.<\/p>\n","protected":false},"excerpt":{"rendered":"<p>Arbre \u00e0 feuilles caduques, au port pleureur. Les feuilles ov\u00e9es sont de couleur vert fonc\u00e9 et de max 15 cm de longueur.<\/p>\n","protected":false},"featured_media":5900,"template":"","meta":{"_acf_changed":false},"product_brand":[],"product_cat":[8812],"product_tag":[10897,8400],"class_list":{"0":"post-13369","1":"product","2":"type-product","3":"status-publish","4":"has-post-thumbnail","6":"product_cat-arbres-et-arbustes-a-feuilles-caduques","7":"product_tag-naturelle","8":"product_tag-tige","9":"pa_altezza-massima-800-fr","10":"pa_altezza-massima-1000-fr-2","11":"pa_colore-fioritura-jaune","12":"pa_condizionamento-clt-fr","13":"pa_condizionamento-motte","14":"pa_famiglia-ulmaceae-fr-2","15":"pa_genere-ulmus-fr","16":"pa_inquinamento-resistance-a-la-pollution","17":"pa_origine-sud-de-leurope-fr","18":"pa_portamento-pleureur","19":"pa_resistenza-climatica-tres-elevee","20":"pa_resistenza-del-suolo-resistant-aux-sols-calcaires","21":"pa_resistenza-del-suolo-resistant-aux-sols-pauvres","22":"pa_utilizzo-parcs","24":"first","25":"instock","26":"purchasable","27":"product-type-simple"},"acf":[],"_links":{"self":[{"href":"https:\/\/innocentiemangonipiante.it\/fr\/wp-json\/wp\/v2\/product\/13369","targetHints":{"allow":["GET"]}}],"collection":[{"href":"https:\/\/innocentiemangonipiante.it\/fr\/wp-json\/wp\/v2\/product"}],"about":[{"href":"https:\/\/innocentiemangonipiante.it\/fr\/wp-json\/wp\/v2\/types\/product"}],"wp:featuredmedia":[{"embeddable":true,"href":"https:\/\/innocentiemangonipiante.it\/fr\/wp-json\/wp\/v2\/media\/5900"}],"wp:attachment":[{"href":"https:\/\/innocentiemangonipiante.it\/fr\/wp-json\/wp\/v2\/media?parent=13369"}],"wp:term":[{"taxonomy":"product_brand","embeddable":true,"href":"https:\/\/innocentiemangonipiante.it\/fr\/wp-json\/wp\/v2\/product_brand?post=13369"},{"taxonomy":"product_cat","embeddable":true,"href":"https:\/\/innocentiemangonipiante.it\/fr\/wp-json\/wp\/v2\/product_cat?post=13369"},{"taxonomy":"product_tag","embeddable":true,"href":"https:\/\/innocentiemangonipiante.it\/fr\/wp-json\/wp\/v2\/product_tag?post=13369"}],"curies":[{"name":"wp","href":"https:\/\/api.w.org\/{rel}","templated":true}]}}