{"id":13371,"date":"2023-11-04T03:20:17","date_gmt":"2023-11-04T02:20:17","guid":{"rendered":"http:\/\/innocentiemangonipiante.it\/viburnum-tinus-eve-price\/"},"modified":"2023-11-06T16:07:47","modified_gmt":"2023-11-06T15:07:47","slug":"viburnum-tinus-eve-price","status":"publish","type":"product","link":"https:\/\/innocentiemangonipiante.it\/fr\/viburnum-tinus-eve-price\/","title":{"rendered":"VIBURNUM tinus &lsquo;Eve Price&rsquo;"},"content":{"rendered":"<p>Arbuste persistant au port arrondi et \u00e0 la ramescence dense et compacte. Les feuilles sont oppos\u00e9es, ovo\u00efdales, d\u2019une longueur de 5 \u00e0 10 cm, de couleur vert sombre luisant. Pendant l\u2019hiver, la plante se couvre de bourgeons de couleur rouge-rose r\u00e9unis en cymes terminales plates d\u2019o\u00f9 s\u2019\u00e9panouissent, en f\u00e9vrier, des petites fleurs blanches abondantes d\u2019une largeur de 6 mm.<\/p>\n","protected":false},"excerpt":{"rendered":"<p>Arbuste persistant au port arrondi et \u00e0 la ramescence dense et compacte. Les feuilles sont oppos\u00e9es, ovo\u00efdales, d\u2019une longueur de 5 \u00e0 10 cm, de couleur vert sombre luisant. Pendant l\u2019hiver, la plante se couvre de bourgeons de couleur rouge-rose r\u00e9unis en cymes terminales plates d\u2019o\u00f9 s\u2019\u00e9panouissent, en f\u00e9vrier, des petites fleurs blanches abondantes d\u2019une [&hellip;]<\/p>\n","protected":false},"featured_media":5967,"template":"","meta":{"_acf_changed":false},"product_brand":[],"product_cat":[8317],"product_tag":[10897,6265,8497,6255,8735,8400],"class_list":{"0":"post-13371","1":"product","2":"type-product","3":"status-publish","4":"has-post-thumbnail","6":"product_cat-sans-categorie","7":"product_tag-naturelle","8":"product_tag-boule","9":"product_tag-cepee-remontee","10":"product_tag-demi-tige","11":"product_tag-quart-de-tige","12":"product_tag-tige","13":"pa_altezza-massima-200-fr","14":"pa_altezza-massima-300-fr-2","15":"pa_colore-fioritura-blanc","16":"pa_condizionamento-clt-fr","17":"pa_condizionamento-vs-fr","18":"pa_famiglia-caprifoliaceae-fr","19":"pa_genere-viburnum-fr","20":"pa_origine-europe-mediterraneenne","21":"pa_periodo-fioritura-fevrier","22":"pa_portamento-arrondi","23":"pa_resistenza-climatica-moyenne-elevee","24":"pa_resistenza-del-suolo-resistant-aux-sols-calcaires","25":"pa_salinita-resistance-a-la-salinisation","26":"pa_utilizzo-haies","27":"pa_utilizzo-petits-jardins","29":"first","30":"instock","31":"purchasable","32":"product-type-simple"},"acf":[],"_links":{"self":[{"href":"https:\/\/innocentiemangonipiante.it\/fr\/wp-json\/wp\/v2\/product\/13371","targetHints":{"allow":["GET"]}}],"collection":[{"href":"https:\/\/innocentiemangonipiante.it\/fr\/wp-json\/wp\/v2\/product"}],"about":[{"href":"https:\/\/innocentiemangonipiante.it\/fr\/wp-json\/wp\/v2\/types\/product"}],"wp:featuredmedia":[{"embeddable":true,"href":"https:\/\/innocentiemangonipiante.it\/fr\/wp-json\/wp\/v2\/media\/5967"}],"wp:attachment":[{"href":"https:\/\/innocentiemangonipiante.it\/fr\/wp-json\/wp\/v2\/media?parent=13371"}],"wp:term":[{"taxonomy":"product_brand","embeddable":true,"href":"https:\/\/innocentiemangonipiante.it\/fr\/wp-json\/wp\/v2\/product_brand?post=13371"},{"taxonomy":"product_cat","embeddable":true,"href":"https:\/\/innocentiemangonipiante.it\/fr\/wp-json\/wp\/v2\/product_cat?post=13371"},{"taxonomy":"product_tag","embeddable":true,"href":"https:\/\/innocentiemangonipiante.it\/fr\/wp-json\/wp\/v2\/product_tag?post=13371"}],"curies":[{"name":"wp","href":"https:\/\/api.w.org\/{rel}","templated":true}]}}