{"id":13372,"date":"2023-11-04T03:20:11","date_gmt":"2023-11-04T02:20:11","guid":{"rendered":"http:\/\/innocentiemangonipiante.it\/viburnum-rhytidophyllum\/"},"modified":"2023-11-06T16:07:44","modified_gmt":"2023-11-06T15:07:44","slug":"viburnum-rhytidophyllum","status":"publish","type":"product","link":"https:\/\/innocentiemangonipiante.it\/fr\/viburnum-rhytidophyllum\/","title":{"rendered":"VIBURNUM rhytidophyllum"},"content":{"rendered":"<p>Rustique, \u00e0 feuilles persistantes, forme \u00e9rig\u00e9e. Le feuillage est coriace, allong\u00e9 (jusqu\u2019\u00e0 20 cm), vert fonc\u00e9 au-dessus et gris au-dessous, avec nervures en \u00e9vidence. En mai, \u00e9met corymbes de fleurs blanches suivies par des baies rouge vif de l\u2019automne \u00e0 janvier. Tr\u00e8s r\u00e9sistant au froid et \u00e0 la pollution.<\/p>\n","protected":false},"excerpt":{"rendered":"<p>Rustique, \u00e0 feuilles persistantes, forme \u00e9rig\u00e9e. Le feuillage est coriace, allong\u00e9 (jusqu\u2019\u00e0 20 cm), vert fonc\u00e9 au-dessus et gris au-dessous, avec nervures en \u00e9vidence. En mai, \u00e9met corymbes de fleurs blanches suivies par des baies rouge vif de l\u2019automne \u00e0 janvier. Tr\u00e8s r\u00e9sistant au froid et \u00e0 la pollution.<\/p>\n","protected":false},"featured_media":5961,"template":"","meta":{"_acf_changed":false},"product_brand":[],"product_cat":[8317],"product_tag":[10897],"class_list":{"0":"post-13372","1":"product","2":"type-product","3":"status-publish","4":"has-post-thumbnail","6":"product_cat-sans-categorie","7":"product_tag-naturelle","8":"pa_altezza-massima-300-fr-2","9":"pa_altezza-massima-500-fr","10":"pa_colore-fioritura-blanc","11":"pa_condizionamento-clt-fr","12":"pa_famiglia-caprifoliaceae-fr","13":"pa_genere-viburnum-fr","14":"pa_origine-asie-orientale","15":"pa_periodo-fioritura-mai","16":"pa_periodo-fruttificazione-juillet","17":"pa_portamento-de-colonne","18":"pa_resistenza-climatica-moyenne-elevee","19":"pa_salinita-resistance-a-la-salinisation","20":"pa_utilizzo-haies","21":"pa_utilizzo-parcs","22":"pa_utilizzo-petits-jardins","24":"first","25":"instock","26":"purchasable","27":"product-type-simple"},"acf":[],"_links":{"self":[{"href":"https:\/\/innocentiemangonipiante.it\/fr\/wp-json\/wp\/v2\/product\/13372","targetHints":{"allow":["GET"]}}],"collection":[{"href":"https:\/\/innocentiemangonipiante.it\/fr\/wp-json\/wp\/v2\/product"}],"about":[{"href":"https:\/\/innocentiemangonipiante.it\/fr\/wp-json\/wp\/v2\/types\/product"}],"wp:featuredmedia":[{"embeddable":true,"href":"https:\/\/innocentiemangonipiante.it\/fr\/wp-json\/wp\/v2\/media\/5961"}],"wp:attachment":[{"href":"https:\/\/innocentiemangonipiante.it\/fr\/wp-json\/wp\/v2\/media?parent=13372"}],"wp:term":[{"taxonomy":"product_brand","embeddable":true,"href":"https:\/\/innocentiemangonipiante.it\/fr\/wp-json\/wp\/v2\/product_brand?post=13372"},{"taxonomy":"product_cat","embeddable":true,"href":"https:\/\/innocentiemangonipiante.it\/fr\/wp-json\/wp\/v2\/product_cat?post=13372"},{"taxonomy":"product_tag","embeddable":true,"href":"https:\/\/innocentiemangonipiante.it\/fr\/wp-json\/wp\/v2\/product_tag?post=13372"}],"curies":[{"name":"wp","href":"https:\/\/api.w.org\/{rel}","templated":true}]}}