{"id":13373,"date":"2023-11-04T03:20:00","date_gmt":"2023-11-04T02:20:00","guid":{"rendered":"http:\/\/innocentiemangonipiante.it\/viburnum-plicatum-watanabe\/"},"modified":"2023-11-06T16:07:41","modified_gmt":"2023-11-06T15:07:41","slug":"viburnum-plicatum-watanabe","status":"publish","type":"product","link":"https:\/\/innocentiemangonipiante.it\/fr\/viburnum-plicatum-watanabe\/","title":{"rendered":"VIBURNUM plicatum &lsquo;Watanabe&rsquo;"},"content":{"rendered":"<p>Arbuste \u00e0 feuilles caduques au port ample, presque nain. Feuilles fusel\u00e9es, dentel\u00e9es, avec des nervures profondes, de couleur vert sombre. Fleurs blanches en cymes terminales touffues, plates, de juin \u00e0 septembre. En juillet-ao\u00fbt, il donne des fruits de couleur rouge lumineux qui virent au noir-bleu\u00e2tre \u00e0 maturation.<\/p>\n","protected":false},"excerpt":{"rendered":"<p>Arbuste \u00e0 feuilles caduques au port ample, presque nain. Feuilles fusel\u00e9es, dentel\u00e9es, avec des nervures profondes, de couleur vert sombre. Fleurs blanches en cymes terminales touffues, plates, de juin \u00e0 septembre. En juillet-ao\u00fbt, il donne des fruits de couleur rouge lumineux qui virent au noir-bleu\u00e2tre \u00e0 maturation.<\/p>\n","protected":false},"featured_media":5955,"template":"","meta":{"_acf_changed":false},"product_brand":[],"product_cat":[8317],"product_tag":[10897],"class_list":{"0":"post-13373","1":"product","2":"type-product","3":"status-publish","4":"has-post-thumbnail","6":"product_cat-sans-categorie","7":"product_tag-naturelle","8":"pa_altezza-massima-150-fr","9":"pa_altezza-massima-200-fr","10":"pa_colore-fioritura-blanc","11":"pa_condizionamento-clt-fr","12":"pa_famiglia-caprifoliaceae-fr","13":"pa_genere-viburnum-fr","14":"pa_origine-asie-orientale","15":"pa_periodo-fioritura-aout","16":"pa_periodo-fioritura-juillet","17":"pa_periodo-fioritura-juin","18":"pa_periodo-fioritura-septembre","19":"pa_portamento-arrondi","20":"pa_resistenza-climatica-tres-elevee","21":"pa_salinita-resistance-a-la-salinisation","22":"pa_utilizzo-petits-jardins","24":"first","25":"instock","26":"purchasable","27":"product-type-simple"},"acf":[],"_links":{"self":[{"href":"https:\/\/innocentiemangonipiante.it\/fr\/wp-json\/wp\/v2\/product\/13373","targetHints":{"allow":["GET"]}}],"collection":[{"href":"https:\/\/innocentiemangonipiante.it\/fr\/wp-json\/wp\/v2\/product"}],"about":[{"href":"https:\/\/innocentiemangonipiante.it\/fr\/wp-json\/wp\/v2\/types\/product"}],"wp:featuredmedia":[{"embeddable":true,"href":"https:\/\/innocentiemangonipiante.it\/fr\/wp-json\/wp\/v2\/media\/5955"}],"wp:attachment":[{"href":"https:\/\/innocentiemangonipiante.it\/fr\/wp-json\/wp\/v2\/media?parent=13373"}],"wp:term":[{"taxonomy":"product_brand","embeddable":true,"href":"https:\/\/innocentiemangonipiante.it\/fr\/wp-json\/wp\/v2\/product_brand?post=13373"},{"taxonomy":"product_cat","embeddable":true,"href":"https:\/\/innocentiemangonipiante.it\/fr\/wp-json\/wp\/v2\/product_cat?post=13373"},{"taxonomy":"product_tag","embeddable":true,"href":"https:\/\/innocentiemangonipiante.it\/fr\/wp-json\/wp\/v2\/product_tag?post=13373"}],"curies":[{"name":"wp","href":"https:\/\/api.w.org\/{rel}","templated":true}]}}