{"id":13375,"date":"2023-11-04T03:19:25","date_gmt":"2023-11-04T02:19:25","guid":{"rendered":"http:\/\/innocentiemangonipiante.it\/viburnum-opulus-roseum\/"},"modified":"2023-11-06T16:07:28","modified_gmt":"2023-11-06T15:07:28","slug":"viburnum-opulus-roseum","status":"publish","type":"product","link":"https:\/\/innocentiemangonipiante.it\/fr\/viburnum-opulus-roseum\/","title":{"rendered":"VIBURNUM opulus &lsquo;Roseum&rsquo;"},"content":{"rendered":"<p>Arbuste \u00e0 feuilles caduques au port arrondi et aux feuilles trilob\u00e9es vert fonc\u00e9 d\u2019une longueur de 10 cm virant au rose pourpre en automne. Donne de grandes fleurs st\u00e9riles, de couleur blanche, en cymes sph\u00e9riques d\u2019une largeur de 5 \u00e0 6 cm.<\/p>\n","protected":false},"excerpt":{"rendered":"<p>Arbuste \u00e0 feuilles caduques au port arrondi et aux feuilles trilob\u00e9es vert fonc\u00e9 d\u2019une longueur de 10 cm virant au rose pourpre en automne. Donne de grandes fleurs st\u00e9riles, de couleur blanche, en cymes sph\u00e9riques d\u2019une largeur de 5 \u00e0 6 cm.<\/p>\n","protected":false},"featured_media":5943,"template":"","meta":{"_acf_changed":false},"product_brand":[],"product_cat":[8317],"product_tag":[10897],"class_list":{"0":"post-13375","1":"product","2":"type-product","3":"status-publish","4":"has-post-thumbnail","6":"product_cat-sans-categorie","7":"product_tag-naturelle","8":"pa_altezza-massima-300-fr-2","9":"pa_altezza-massima-400-fr","10":"pa_colore-fioritura-blanc","11":"pa_condizionamento-clt-fr","12":"pa_condizionamento-vs-fr","13":"pa_famiglia-caprifoliaceae-fr","14":"pa_genere-viburnum-fr","15":"pa_inquinamento-resistance-a-la-pollution","16":"pa_origine-europe-fr","17":"pa_periodo-fioritura-juin","18":"pa_portamento-arrondi","19":"pa_resistenza-climatica-tres-elevee","20":"pa_resistenza-del-suolo-resistant-aux-sols-calcaires","21":"pa_salinita-resistance-a-la-salinisation","22":"pa_utilizzo-parcs","23":"pa_utilizzo-petits-jardins","25":"first","26":"instock","27":"purchasable","28":"product-type-simple"},"acf":[],"_links":{"self":[{"href":"https:\/\/innocentiemangonipiante.it\/fr\/wp-json\/wp\/v2\/product\/13375","targetHints":{"allow":["GET"]}}],"collection":[{"href":"https:\/\/innocentiemangonipiante.it\/fr\/wp-json\/wp\/v2\/product"}],"about":[{"href":"https:\/\/innocentiemangonipiante.it\/fr\/wp-json\/wp\/v2\/types\/product"}],"wp:featuredmedia":[{"embeddable":true,"href":"https:\/\/innocentiemangonipiante.it\/fr\/wp-json\/wp\/v2\/media\/5943"}],"wp:attachment":[{"href":"https:\/\/innocentiemangonipiante.it\/fr\/wp-json\/wp\/v2\/media?parent=13375"}],"wp:term":[{"taxonomy":"product_brand","embeddable":true,"href":"https:\/\/innocentiemangonipiante.it\/fr\/wp-json\/wp\/v2\/product_brand?post=13375"},{"taxonomy":"product_cat","embeddable":true,"href":"https:\/\/innocentiemangonipiante.it\/fr\/wp-json\/wp\/v2\/product_cat?post=13375"},{"taxonomy":"product_tag","embeddable":true,"href":"https:\/\/innocentiemangonipiante.it\/fr\/wp-json\/wp\/v2\/product_tag?post=13375"}],"curies":[{"name":"wp","href":"https:\/\/api.w.org\/{rel}","templated":true}]}}