{"id":13378,"date":"2023-11-04T03:21:14","date_gmt":"2023-11-04T02:21:14","guid":{"rendered":"http:\/\/innocentiemangonipiante.it\/viburnum-x-burkwoodii-anne-russell\/"},"modified":"2023-11-06T16:08:25","modified_gmt":"2023-11-06T15:08:25","slug":"viburnum-x-burkwoodii-anne-russell","status":"publish","type":"product","link":"https:\/\/innocentiemangonipiante.it\/fr\/viburnum-x-burkwoodii-anne-russell\/","title":{"rendered":"VIBURNUM x burkwoodii &lsquo;Anne Russell&rsquo;"},"content":{"rendered":"<p>Arbuste compact de moyenne dimension aux feuilles brillantes, larges et elliptiques. Au printemps, il produit des fleurs blanches tr\u00e8s parfum\u00e9es group\u00e9es en grappes d\u2019environ 10 cm.<\/p>\n","protected":false},"excerpt":{"rendered":"<p>Arbuste compact de moyenne dimension aux feuilles brillantes, larges et elliptiques. Au printemps, il produit des fleurs blanches tr\u00e8s parfum\u00e9es group\u00e9es en grappes d\u2019environ 10 cm.<\/p>\n","protected":false},"featured_media":5991,"template":"","meta":{"_acf_changed":false},"product_brand":[],"product_cat":[8317],"product_tag":[10897],"class_list":{"0":"post-13378","1":"product","2":"type-product","3":"status-publish","4":"has-post-thumbnail","6":"product_cat-sans-categorie","7":"product_tag-naturelle","8":"pa_altezza-massima-150-fr","9":"pa_altezza-massima-200-fr","10":"pa_colore-fioritura-blanc","11":"pa_famiglia-caprifoliaceae-fr","12":"pa_genere-viburnum-fr","13":"pa_inquinamento-resistance-a-la-pollution","14":"pa_origine-asie","15":"pa_periodo-fioritura-avril","16":"pa_periodo-fioritura-mai","17":"pa_portamento-arrondi","18":"pa_profumo-intense-fr","19":"pa_resistenza-climatica-tres-elevee","20":"pa_resistenza-del-suolo-resistant-au-sol-humide","21":"pa_utilizzo-haies","22":"pa_utilizzo-parcs","23":"pa_utilizzo-petits-jardins","25":"first","26":"instock","27":"purchasable","28":"product-type-simple"},"acf":[],"_links":{"self":[{"href":"https:\/\/innocentiemangonipiante.it\/fr\/wp-json\/wp\/v2\/product\/13378","targetHints":{"allow":["GET"]}}],"collection":[{"href":"https:\/\/innocentiemangonipiante.it\/fr\/wp-json\/wp\/v2\/product"}],"about":[{"href":"https:\/\/innocentiemangonipiante.it\/fr\/wp-json\/wp\/v2\/types\/product"}],"wp:featuredmedia":[{"embeddable":true,"href":"https:\/\/innocentiemangonipiante.it\/fr\/wp-json\/wp\/v2\/media\/5991"}],"wp:attachment":[{"href":"https:\/\/innocentiemangonipiante.it\/fr\/wp-json\/wp\/v2\/media?parent=13378"}],"wp:term":[{"taxonomy":"product_brand","embeddable":true,"href":"https:\/\/innocentiemangonipiante.it\/fr\/wp-json\/wp\/v2\/product_brand?post=13378"},{"taxonomy":"product_cat","embeddable":true,"href":"https:\/\/innocentiemangonipiante.it\/fr\/wp-json\/wp\/v2\/product_cat?post=13378"},{"taxonomy":"product_tag","embeddable":true,"href":"https:\/\/innocentiemangonipiante.it\/fr\/wp-json\/wp\/v2\/product_tag?post=13378"}],"curies":[{"name":"wp","href":"https:\/\/api.w.org\/{rel}","templated":true}]}}