{"id":13379,"date":"2023-11-04T03:21:07","date_gmt":"2023-11-04T02:21:07","guid":{"rendered":"http:\/\/innocentiemangonipiante.it\/viburnum-x-burkwoodii\/"},"modified":"2023-11-06T16:08:23","modified_gmt":"2023-11-06T15:08:23","slug":"viburnum-x-burkwoodii","status":"publish","type":"product","link":"https:\/\/innocentiemangonipiante.it\/fr\/viburnum-x-burkwoodii\/","title":{"rendered":"VIBURNUM x burkwoodii"},"content":{"rendered":"<p>Fleurs blanc ros\u00e9 tr\u00e8s parfum\u00e9es qui fleurissent, en avril et mai, de bourgeons rose fonc\u00e9.<\/p>\n","protected":false},"excerpt":{"rendered":"<p>Fleurs blanc ros\u00e9 tr\u00e8s parfum\u00e9es qui fleurissent, en avril et mai, de bourgeons rose fonc\u00e9.<\/p>\n","protected":false},"featured_media":5985,"template":"","meta":{"_acf_changed":false},"product_brand":[],"product_cat":[8317],"product_tag":[10897],"class_list":{"0":"post-13379","1":"product","2":"type-product","3":"status-publish","4":"has-post-thumbnail","6":"product_cat-sans-categorie","7":"product_tag-naturelle","8":"pa_altezza-massima-200-fr","9":"pa_altezza-massima-300-fr-2","10":"pa_colore-fioritura-blanc","11":"pa_condizionamento-clt-fr","12":"pa_famiglia-caprifoliaceae-fr","13":"pa_genere-viburnum-fr","14":"pa_origine-angleterre","15":"pa_periodo-fioritura-avril","16":"pa_periodo-fioritura-mai","17":"pa_portamento-arrondi","18":"pa_profumo-intense-fr","19":"pa_resistenza-climatica-moyenne-elevee","20":"pa_salinita-resistance-a-la-salinisation","21":"pa_utilizzo-haies","22":"pa_utilizzo-parcs","23":"pa_utilizzo-petits-jardins","25":"first","26":"instock","27":"purchasable","28":"product-type-simple"},"acf":[],"_links":{"self":[{"href":"https:\/\/innocentiemangonipiante.it\/fr\/wp-json\/wp\/v2\/product\/13379","targetHints":{"allow":["GET"]}}],"collection":[{"href":"https:\/\/innocentiemangonipiante.it\/fr\/wp-json\/wp\/v2\/product"}],"about":[{"href":"https:\/\/innocentiemangonipiante.it\/fr\/wp-json\/wp\/v2\/types\/product"}],"wp:featuredmedia":[{"embeddable":true,"href":"https:\/\/innocentiemangonipiante.it\/fr\/wp-json\/wp\/v2\/media\/5985"}],"wp:attachment":[{"href":"https:\/\/innocentiemangonipiante.it\/fr\/wp-json\/wp\/v2\/media?parent=13379"}],"wp:term":[{"taxonomy":"product_brand","embeddable":true,"href":"https:\/\/innocentiemangonipiante.it\/fr\/wp-json\/wp\/v2\/product_brand?post=13379"},{"taxonomy":"product_cat","embeddable":true,"href":"https:\/\/innocentiemangonipiante.it\/fr\/wp-json\/wp\/v2\/product_cat?post=13379"},{"taxonomy":"product_tag","embeddable":true,"href":"https:\/\/innocentiemangonipiante.it\/fr\/wp-json\/wp\/v2\/product_tag?post=13379"}],"curies":[{"name":"wp","href":"https:\/\/api.w.org\/{rel}","templated":true}]}}