{"id":13380,"date":"2023-11-04T03:21:01","date_gmt":"2023-11-04T02:21:01","guid":{"rendered":"http:\/\/innocentiemangonipiante.it\/viburnum-x-bodnantense-dawn\/"},"modified":"2023-11-06T16:08:19","modified_gmt":"2023-11-06T15:08:19","slug":"viburnum-x-bodnantense-dawn","status":"publish","type":"product","link":"https:\/\/innocentiemangonipiante.it\/fr\/viburnum-x-bodnantense-dawn\/","title":{"rendered":"VIBURNUM x bodnantense &lsquo;Dawn&rsquo;"},"content":{"rendered":"<p>Arbuste \u00e0 feuilles caduques au port \u00e9rig\u00e9, sur troncs fr\u00eales, peu ramifi\u00e9 \u00e0 l\u2019\u00e9tat jeune puis plus buissonnant et dense. Les feuilles sont oppos\u00e9es, ov\u00e9es \u00e0 elliptiques, dentel\u00e9es, bronz\u00e9es en jeune \u00e2ge puis vert sombre. De d\u00e9cembre \u00e0 f\u00e9vrier-mars, il porte des fleurs intens\u00e9ment parfum\u00e9es, tubul\u00e9es, du blanc-rose au rose intense-rouge, dispos\u00e9es en trochets \u00e9pais qui se d\u00e9veloppent sur les troncs nus.<\/p>\n","protected":false},"excerpt":{"rendered":"<p>Arbuste \u00e0 feuilles caduques au port \u00e9rig\u00e9, sur troncs fr\u00eales, peu ramifi\u00e9 \u00e0 l\u2019\u00e9tat jeune puis plus buissonnant et dense. Les feuilles sont oppos\u00e9es, ov\u00e9es \u00e0 elliptiques, dentel\u00e9es, bronz\u00e9es en jeune \u00e2ge puis vert sombre. De d\u00e9cembre \u00e0 f\u00e9vrier-mars, il porte des fleurs intens\u00e9ment parfum\u00e9es, tubul\u00e9es, du blanc-rose au rose intense-rouge, dispos\u00e9es en trochets \u00e9pais [&hellip;]<\/p>\n","protected":false},"featured_media":5979,"template":"","meta":{"_acf_changed":false},"product_brand":[],"product_cat":[8317],"product_tag":[10897],"class_list":{"0":"post-13380","1":"product","2":"type-product","3":"status-publish","4":"has-post-thumbnail","6":"product_cat-sans-categorie","7":"product_tag-naturelle","8":"pa_altezza-massima-300-fr-2","9":"pa_altezza-massima-400-fr","10":"pa_colore-fioritura-blanc","11":"pa_condizionamento-clt-fr","12":"pa_famiglia-caprifoliaceae-fr","13":"pa_genere-viburnum-fr","14":"pa_origine-wales-fr","15":"pa_periodo-fioritura-decembre","16":"pa_periodo-fioritura-fevrier","17":"pa_periodo-fioritura-janvier","18":"pa_periodo-fioritura-mars","19":"pa_portamento-arrondi","20":"pa_profumo-intense-fr","21":"pa_resistenza-climatica-tres-elevee","22":"pa_resistenza-del-suolo-resistant-aux-sols-calcaires","23":"pa_salinita-resistance-a-la-salinisation","24":"pa_utilizzo-parcs","25":"pa_utilizzo-petits-jardins","27":"first","28":"instock","29":"purchasable","30":"product-type-simple"},"acf":[],"_links":{"self":[{"href":"https:\/\/innocentiemangonipiante.it\/fr\/wp-json\/wp\/v2\/product\/13380","targetHints":{"allow":["GET"]}}],"collection":[{"href":"https:\/\/innocentiemangonipiante.it\/fr\/wp-json\/wp\/v2\/product"}],"about":[{"href":"https:\/\/innocentiemangonipiante.it\/fr\/wp-json\/wp\/v2\/types\/product"}],"wp:featuredmedia":[{"embeddable":true,"href":"https:\/\/innocentiemangonipiante.it\/fr\/wp-json\/wp\/v2\/media\/5979"}],"wp:attachment":[{"href":"https:\/\/innocentiemangonipiante.it\/fr\/wp-json\/wp\/v2\/media?parent=13380"}],"wp:term":[{"taxonomy":"product_brand","embeddable":true,"href":"https:\/\/innocentiemangonipiante.it\/fr\/wp-json\/wp\/v2\/product_brand?post=13380"},{"taxonomy":"product_cat","embeddable":true,"href":"https:\/\/innocentiemangonipiante.it\/fr\/wp-json\/wp\/v2\/product_cat?post=13380"},{"taxonomy":"product_tag","embeddable":true,"href":"https:\/\/innocentiemangonipiante.it\/fr\/wp-json\/wp\/v2\/product_tag?post=13380"}],"curies":[{"name":"wp","href":"https:\/\/api.w.org\/{rel}","templated":true}]}}