{"id":13381,"date":"2023-11-04T03:21:46","date_gmt":"2023-11-04T02:21:46","guid":{"rendered":"http:\/\/innocentiemangonipiante.it\/vitex-agnus-castus\/"},"modified":"2023-11-06T16:08:39","modified_gmt":"2023-11-06T15:08:39","slug":"vitex-agnus-castus","status":"publish","type":"product","link":"https:\/\/innocentiemangonipiante.it\/fr\/vitex-agnus-castus\/","title":{"rendered":"VITEX agnus-castus"},"content":{"rendered":"<p>Arbuste caduc avec feuillage de couleur vert moyen, aromatique et fragrant. En ao\u00fbt-septembre il produit des fleurs de couleur bleu-vif-violet en rac\u00e8mes verticales, erig\u00e9s jusqu\u2019\u00e0 13-18 cm de hauteur.<\/p>\n","protected":false},"excerpt":{"rendered":"<p>Arbuste caduc avec feuillage de couleur vert moyen, aromatique et fragrant. En ao\u00fbt-septembre il produit des fleurs de couleur bleu-vif-violet en rac\u00e8mes verticales, erig\u00e9s jusqu\u2019\u00e0 13-18 cm de hauteur.<\/p>\n","protected":false},"featured_media":5997,"template":"","meta":{"_acf_changed":false},"product_brand":[],"product_cat":[8812,9230],"product_tag":[10897],"class_list":{"0":"post-13381","1":"product","2":"type-product","3":"status-publish","4":"has-post-thumbnail","6":"product_cat-arbres-et-arbustes-a-feuilles-caduques","7":"product_cat-arbres-et-plantes-du-futur","8":"product_tag-naturelle","9":"pa_altezza-massima-300-fr-2","10":"pa_altezza-massima-600-fr","11":"pa_colore-fioritura-bleu","12":"pa_condizionamento-clt-fr","13":"pa_famiglia-verbenaceae-fr","14":"pa_genere-vitex-fr","15":"pa_origine-europe-mediterraneenne","16":"pa_periodo-fioritura-aout","17":"pa_periodo-fioritura-septembre","18":"pa_portamento-arrondi","19":"pa_profumo-intense-fr","20":"pa_resistenza-climatica-moyenne-elevee","21":"pa_resistenza-del-suolo-resistant-aux-sols-calcaires","22":"pa_resistenza-del-suolo-resistant-aux-sols-secs","23":"pa_salinita-resistance-a-la-salinisation","24":"pa_utilizzo-parcs","25":"pa_utilizzo-petits-jardins","27":"first","28":"instock","29":"purchasable","30":"product-type-simple"},"acf":[],"_links":{"self":[{"href":"https:\/\/innocentiemangonipiante.it\/fr\/wp-json\/wp\/v2\/product\/13381","targetHints":{"allow":["GET"]}}],"collection":[{"href":"https:\/\/innocentiemangonipiante.it\/fr\/wp-json\/wp\/v2\/product"}],"about":[{"href":"https:\/\/innocentiemangonipiante.it\/fr\/wp-json\/wp\/v2\/types\/product"}],"wp:featuredmedia":[{"embeddable":true,"href":"https:\/\/innocentiemangonipiante.it\/fr\/wp-json\/wp\/v2\/media\/5997"}],"wp:attachment":[{"href":"https:\/\/innocentiemangonipiante.it\/fr\/wp-json\/wp\/v2\/media?parent=13381"}],"wp:term":[{"taxonomy":"product_brand","embeddable":true,"href":"https:\/\/innocentiemangonipiante.it\/fr\/wp-json\/wp\/v2\/product_brand?post=13381"},{"taxonomy":"product_cat","embeddable":true,"href":"https:\/\/innocentiemangonipiante.it\/fr\/wp-json\/wp\/v2\/product_cat?post=13381"},{"taxonomy":"product_tag","embeddable":true,"href":"https:\/\/innocentiemangonipiante.it\/fr\/wp-json\/wp\/v2\/product_tag?post=13381"}],"curies":[{"name":"wp","href":"https:\/\/api.w.org\/{rel}","templated":true}]}}