{"id":13382,"date":"2023-11-04T03:21:52","date_gmt":"2023-11-04T02:21:52","guid":{"rendered":"http:\/\/innocentiemangonipiante.it\/vitis-coignetiae\/"},"modified":"2023-11-06T16:08:42","modified_gmt":"2023-11-06T15:08:42","slug":"vitis-coignetiae","status":"publish","type":"product","link":"https:\/\/innocentiemangonipiante.it\/fr\/vitis-coignetiae\/","title":{"rendered":"VITIS coignetiae"},"content":{"rendered":"<p>Plante vigoureuse, grimpante, caduque avec des grandes feuilles en forme de coeur, aux bords irr\u00e9guliers, de couleur vert fonc\u00e9, jusqu\u2019\u00e0 30cm de longueur, qui virent au rouge brillant en automne. Fruit sph\u00e9rique d\u00e9sagr\u00e9ables en automne.<\/p>\n","protected":false},"excerpt":{"rendered":"<p>Plante vigoureuse, grimpante, caduque avec des grandes feuilles en forme de coeur, aux bords irr\u00e9guliers, de couleur vert fonc\u00e9, jusqu\u2019\u00e0 30cm de longueur, qui virent au rouge brillant en automne. Fruit sph\u00e9rique d\u00e9sagr\u00e9ables en automne.<\/p>\n","protected":false},"featured_media":6003,"template":"","meta":{"_acf_changed":false},"product_brand":[],"product_cat":[8808],"product_tag":[10897],"class_list":{"0":"post-13382","1":"product","2":"type-product","3":"status-publish","4":"has-post-thumbnail","6":"product_cat-fruitiers","7":"product_tag-naturelle","8":"pa_altezza-massima-1000-fr-2","9":"pa_altezza-massima-15-metres","10":"pa_condizionamento-clt-fr","11":"pa_famiglia-vitaceae-fr","12":"pa_genere-vitis-fr","13":"pa_origine-asie","14":"pa_periodo-fruttificazione-octobre","15":"pa_periodo-fruttificazione-septembre","16":"pa_resistenza-climatica-moyenne-elevee","17":"pa_resistenza-del-suolo-resistant-aux-sols-calcaires","18":"pa_resistenza-del-suolo-resistant-aux-sols-secs","19":"pa_utilizzo-parcs","20":"pa_utilizzo-petits-jardins","22":"first","23":"instock","24":"purchasable","25":"product-type-simple"},"acf":[],"_links":{"self":[{"href":"https:\/\/innocentiemangonipiante.it\/fr\/wp-json\/wp\/v2\/product\/13382","targetHints":{"allow":["GET"]}}],"collection":[{"href":"https:\/\/innocentiemangonipiante.it\/fr\/wp-json\/wp\/v2\/product"}],"about":[{"href":"https:\/\/innocentiemangonipiante.it\/fr\/wp-json\/wp\/v2\/types\/product"}],"wp:featuredmedia":[{"embeddable":true,"href":"https:\/\/innocentiemangonipiante.it\/fr\/wp-json\/wp\/v2\/media\/6003"}],"wp:attachment":[{"href":"https:\/\/innocentiemangonipiante.it\/fr\/wp-json\/wp\/v2\/media?parent=13382"}],"wp:term":[{"taxonomy":"product_brand","embeddable":true,"href":"https:\/\/innocentiemangonipiante.it\/fr\/wp-json\/wp\/v2\/product_brand?post=13382"},{"taxonomy":"product_cat","embeddable":true,"href":"https:\/\/innocentiemangonipiante.it\/fr\/wp-json\/wp\/v2\/product_cat?post=13382"},{"taxonomy":"product_tag","embeddable":true,"href":"https:\/\/innocentiemangonipiante.it\/fr\/wp-json\/wp\/v2\/product_tag?post=13382"}],"curies":[{"name":"wp","href":"https:\/\/api.w.org\/{rel}","templated":true}]}}