{"id":13385,"date":"2023-11-04T03:25:03","date_gmt":"2023-11-04T02:25:03","guid":{"rendered":"http:\/\/innocentiemangonipiante.it\/weigela-bristol-ruby\/"},"modified":"2023-11-06T16:10:33","modified_gmt":"2023-11-06T15:10:33","slug":"weigela-bristol-ruby","status":"publish","type":"product","link":"https:\/\/innocentiemangonipiante.it\/fr\/weigela-bristol-ruby\/","title":{"rendered":"WEIGELA &lsquo;Bristol Ruby&rsquo;"},"content":{"rendered":"<p>Arbuste \u00e0 feuilles caduques, \u00e9rig\u00e9, aux feuilles ovales, de couleur vert sombre. \u00c0 la fin du printemps, des bourgeons rouges tr\u00e8s fonc\u00e9s, s\u2019\u00e9panouissent des fleurs campanul\u00e9es de couleur rouge sombre.<\/p>\n","protected":false},"excerpt":{"rendered":"<p>Arbuste \u00e0 feuilles caduques, \u00e9rig\u00e9, aux feuilles ovales, de couleur vert sombre. \u00c0 la fin du printemps, des bourgeons rouges tr\u00e8s fonc\u00e9s, s\u2019\u00e9panouissent des fleurs campanul\u00e9es de couleur rouge sombre.<\/p>\n","protected":false},"featured_media":6010,"template":"","meta":{"_acf_changed":false},"product_brand":[],"product_cat":[8812],"product_tag":[10897],"class_list":{"0":"post-13385","1":"product","2":"type-product","3":"status-publish","4":"has-post-thumbnail","6":"product_cat-arbres-et-arbustes-a-feuilles-caduques","7":"product_tag-naturelle","8":"pa_altezza-massima-200-fr","9":"pa_altezza-massima-300-fr-2","10":"pa_colore-fioritura-rouge","11":"pa_condizionamento-clt-fr","12":"pa_famiglia-caprifoliaceae-fr","13":"pa_genere-weigela-fr","14":"pa_origine-origine-delle-piante-u-s-a","15":"pa_periodo-fioritura-juin","16":"pa_periodo-fioritura-mai","17":"pa_portamento-arrondi","18":"pa_resistenza-climatica-tres-elevee","19":"pa_resistenza-del-suolo-resistant-aux-sols-calcaires","20":"pa_salinita-resistance-a-la-salinisation","21":"pa_utilizzo-parcs","22":"pa_utilizzo-petits-jardins","24":"first","25":"instock","26":"purchasable","27":"product-type-simple"},"acf":[],"_links":{"self":[{"href":"https:\/\/innocentiemangonipiante.it\/fr\/wp-json\/wp\/v2\/product\/13385","targetHints":{"allow":["GET"]}}],"collection":[{"href":"https:\/\/innocentiemangonipiante.it\/fr\/wp-json\/wp\/v2\/product"}],"about":[{"href":"https:\/\/innocentiemangonipiante.it\/fr\/wp-json\/wp\/v2\/types\/product"}],"wp:featuredmedia":[{"embeddable":true,"href":"https:\/\/innocentiemangonipiante.it\/fr\/wp-json\/wp\/v2\/media\/6010"}],"wp:attachment":[{"href":"https:\/\/innocentiemangonipiante.it\/fr\/wp-json\/wp\/v2\/media?parent=13385"}],"wp:term":[{"taxonomy":"product_brand","embeddable":true,"href":"https:\/\/innocentiemangonipiante.it\/fr\/wp-json\/wp\/v2\/product_brand?post=13385"},{"taxonomy":"product_cat","embeddable":true,"href":"https:\/\/innocentiemangonipiante.it\/fr\/wp-json\/wp\/v2\/product_cat?post=13385"},{"taxonomy":"product_tag","embeddable":true,"href":"https:\/\/innocentiemangonipiante.it\/fr\/wp-json\/wp\/v2\/product_tag?post=13385"}],"curies":[{"name":"wp","href":"https:\/\/api.w.org\/{rel}","templated":true}]}}