{"id":13387,"date":"2023-11-04T03:25:27","date_gmt":"2023-11-04T02:25:27","guid":{"rendered":"http:\/\/innocentiemangonipiante.it\/westringia-fruticosa\/"},"modified":"2023-11-06T16:10:43","modified_gmt":"2023-11-06T15:10:43","slug":"westringia-fruticosa","status":"publish","type":"product","link":"https:\/\/innocentiemangonipiante.it\/fr\/westringia-fruticosa\/","title":{"rendered":"WESTRINGIA fruticosa"},"content":{"rendered":"<p>Arbuste arrondi, persistant, buissonneux, d\u2019abord \u00e9rig\u00e9, apr\u00e8s \u00e9largi, avec feuilles lin\u00e9aires\/\u00e9troitement lanc\u00e9ol\u00e9es jusqu\u2019\u00e0 2,5cm de longueur et vert moyen en couleur. De la fin du printemps au d\u00e9but de l\u2019automne apparaissent des fleurs tubulaires de blanc \u00e0 bleu p\u00e2le.<\/p>\n","protected":false},"excerpt":{"rendered":"<p>Arbuste arrondi, persistant, buissonneux, d\u2019abord \u00e9rig\u00e9, apr\u00e8s \u00e9largi, avec feuilles lin\u00e9aires\/\u00e9troitement lanc\u00e9ol\u00e9es jusqu\u2019\u00e0 2,5cm de longueur et vert moyen en couleur. De la fin du printemps au d\u00e9but de l\u2019automne apparaissent des fleurs tubulaires de blanc \u00e0 bleu p\u00e2le.<\/p>\n","protected":false},"featured_media":6023,"template":"","meta":{"_acf_changed":false},"product_brand":[],"product_cat":[9230,8317],"product_tag":[10897,6265],"class_list":{"0":"post-13387","1":"product","2":"type-product","3":"status-publish","4":"has-post-thumbnail","6":"product_cat-arbres-et-plantes-du-futur","7":"product_cat-sans-categorie","8":"product_tag-naturelle","9":"product_tag-boule","10":"pa_altezza-massima-100-fr","11":"pa_altezza-massima-150-fr","12":"pa_colore-fioritura-blanc","13":"pa_condizionamento-clt-fr","14":"pa_famiglia-lamiaceae-fr","15":"pa_genere-westringia-fr","16":"pa_origine-australie","17":"pa_periodo-fioritura-aout","18":"pa_periodo-fioritura-juillet","19":"pa_periodo-fioritura-juin","20":"pa_periodo-fioritura-mai","21":"pa_periodo-fioritura-septembre","22":"pa_portamento-arrondi","23":"pa_resistenza-climatica-tres-faible","24":"pa_resistenza-del-suolo-resistant-aux-sols-secs","25":"pa_salinita-resistance-a-la-salinisation","26":"pa_utilizzo-balcons","27":"pa_utilizzo-haies","28":"pa_utilizzo-petits-jardins","30":"first","31":"instock","32":"purchasable","33":"product-type-simple"},"acf":[],"_links":{"self":[{"href":"https:\/\/innocentiemangonipiante.it\/fr\/wp-json\/wp\/v2\/product\/13387","targetHints":{"allow":["GET"]}}],"collection":[{"href":"https:\/\/innocentiemangonipiante.it\/fr\/wp-json\/wp\/v2\/product"}],"about":[{"href":"https:\/\/innocentiemangonipiante.it\/fr\/wp-json\/wp\/v2\/types\/product"}],"wp:featuredmedia":[{"embeddable":true,"href":"https:\/\/innocentiemangonipiante.it\/fr\/wp-json\/wp\/v2\/media\/6023"}],"wp:attachment":[{"href":"https:\/\/innocentiemangonipiante.it\/fr\/wp-json\/wp\/v2\/media?parent=13387"}],"wp:term":[{"taxonomy":"product_brand","embeddable":true,"href":"https:\/\/innocentiemangonipiante.it\/fr\/wp-json\/wp\/v2\/product_brand?post=13387"},{"taxonomy":"product_cat","embeddable":true,"href":"https:\/\/innocentiemangonipiante.it\/fr\/wp-json\/wp\/v2\/product_cat?post=13387"},{"taxonomy":"product_tag","embeddable":true,"href":"https:\/\/innocentiemangonipiante.it\/fr\/wp-json\/wp\/v2\/product_tag?post=13387"}],"curies":[{"name":"wp","href":"https:\/\/api.w.org\/{rel}","templated":true}]}}