{"id":13388,"date":"2023-11-04T03:27:50","date_gmt":"2023-11-04T02:27:50","guid":{"rendered":"http:\/\/innocentiemangonipiante.it\/wisteria-sinensis-prolific\/"},"modified":"2023-11-06T16:11:57","modified_gmt":"2023-11-06T15:11:57","slug":"wisteria-sinensis-prolific","status":"publish","type":"product","link":"https:\/\/innocentiemangonipiante.it\/fr\/wisteria-sinensis-prolific\/","title":{"rendered":"WISTERIA sinensis &lsquo;Prolific&rsquo;"},"content":{"rendered":"<p>Fleurs simples, de couleur violet-lilas avec une l\u00e9g\u00e8re tache jaune au centre les grappes sont d\u2019une longueur de 25 \u00e0 30 cm. Appr\u00e9ci\u00e9 pour les floraisons abondantes. Floraison pr\u00e9coce avec bon reflurissement en juin-juillet.<\/p>\n","protected":false},"excerpt":{"rendered":"<p>Fleurs simples, de couleur violet-lilas avec une l\u00e9g\u00e8re tache jaune au centre les grappes sont d\u2019une longueur de 25 \u00e0 30 cm. Appr\u00e9ci\u00e9 pour les floraisons abondantes. Floraison pr\u00e9coce avec bon reflurissement en juin-juillet.<\/p>\n","protected":false},"featured_media":6073,"template":"","meta":{"_acf_changed":false},"product_brand":[],"product_cat":[8836],"product_tag":[10897,8452,6255,8750,8735,8400,13889],"class_list":{"0":"post-13388","1":"product","2":"type-product","3":"status-publish","4":"has-post-thumbnail","6":"product_cat-lianes","7":"product_tag-naturelle","8":"product_tag-arche","9":"product_tag-demi-tige","10":"product_tag-espalier-fr","11":"product_tag-quart-de-tige","12":"product_tag-tige","13":"product_tag-tige-parasol","14":"pa_altezza-massima-1000-fr-2","15":"pa_altezza-massima-15-metres","16":"pa_colore-fioritura-violet-fr","17":"pa_condizionamento-clt-fr","18":"pa_condizionamento-pot-carre","19":"pa_famiglia-leguminosae-fr","20":"pa_genere-wisteria-fr","21":"pa_origine-asie-orientale","22":"pa_periodo-fioritura-avril","23":"pa_periodo-fioritura-juillet","24":"pa_periodo-fioritura-juin","25":"pa_profumo-intense-fr","26":"pa_resistenza-climatica-moyenne-elevee","27":"pa_resistenza-del-suolo-resistant-aux-sols-calcaires","28":"pa_salinita-resistance-a-la-salinisation","29":"pa_utilizzo-parcs","31":"first","32":"instock","33":"purchasable","34":"product-type-simple"},"acf":[],"_links":{"self":[{"href":"https:\/\/innocentiemangonipiante.it\/fr\/wp-json\/wp\/v2\/product\/13388","targetHints":{"allow":["GET"]}}],"collection":[{"href":"https:\/\/innocentiemangonipiante.it\/fr\/wp-json\/wp\/v2\/product"}],"about":[{"href":"https:\/\/innocentiemangonipiante.it\/fr\/wp-json\/wp\/v2\/types\/product"}],"wp:featuredmedia":[{"embeddable":true,"href":"https:\/\/innocentiemangonipiante.it\/fr\/wp-json\/wp\/v2\/media\/6073"}],"wp:attachment":[{"href":"https:\/\/innocentiemangonipiante.it\/fr\/wp-json\/wp\/v2\/media?parent=13388"}],"wp:term":[{"taxonomy":"product_brand","embeddable":true,"href":"https:\/\/innocentiemangonipiante.it\/fr\/wp-json\/wp\/v2\/product_brand?post=13388"},{"taxonomy":"product_cat","embeddable":true,"href":"https:\/\/innocentiemangonipiante.it\/fr\/wp-json\/wp\/v2\/product_cat?post=13388"},{"taxonomy":"product_tag","embeddable":true,"href":"https:\/\/innocentiemangonipiante.it\/fr\/wp-json\/wp\/v2\/product_tag?post=13388"}],"curies":[{"name":"wp","href":"https:\/\/api.w.org\/{rel}","templated":true}]}}