{"id":13393,"date":"2023-11-04T03:28:09","date_gmt":"2023-11-04T02:28:09","guid":{"rendered":"http:\/\/innocentiemangonipiante.it\/wisteria-x-formosa-jissai\/"},"modified":"2023-11-06T16:12:06","modified_gmt":"2023-11-06T15:12:06","slug":"wisteria-x-formosa-jissai","status":"publish","type":"product","link":"https:\/\/innocentiemangonipiante.it\/fr\/wisteria-x-formosa-jissai\/","title":{"rendered":"WISTERIA x formosa &lsquo;Jissai&rsquo;"},"content":{"rendered":"<p>Hybride naturel d\u2019origine japonaise. Grandes fleurs, bleu clair, peu parfum\u00e9es en grappes tr\u00e8s \u00e9l\u00e9gantes de 25 \u00e0 35 cm de longueur. Floraison pr\u00e9coce avec bon reflurissement en juin-juillet. Fleurit d\u00e8s la 1\u00e8me-2\u00e8me ann\u00e9e.<\/p>\n","protected":false},"excerpt":{"rendered":"<p>Hybride naturel d\u2019origine japonaise. Grandes fleurs, bleu clair, peu parfum\u00e9es en grappes tr\u00e8s \u00e9l\u00e9gantes de 25 \u00e0 35 cm de longueur. Floraison pr\u00e9coce avec bon reflurissement en juin-juillet. Fleurit d\u00e8s la 1\u00e8me-2\u00e8me ann\u00e9e.<\/p>\n","protected":false},"featured_media":6084,"template":"","meta":{"_acf_changed":false},"product_brand":[],"product_cat":[8836],"product_tag":[10897,6255,8750,8400],"class_list":{"0":"post-13393","1":"product","2":"type-product","3":"status-publish","4":"has-post-thumbnail","6":"product_cat-lianes","7":"product_tag-naturelle","8":"product_tag-demi-tige","9":"product_tag-espalier-fr","10":"product_tag-tige","11":"pa_altezza-massima-800-fr","12":"pa_altezza-massima-1000-fr-2","13":"pa_colore-fioritura-lilas","14":"pa_condizionamento-clt-fr","15":"pa_famiglia-leguminosae-fr","16":"pa_genere-wisteria-fr","17":"pa_origine-japon","18":"pa_periodo-fioritura-avril","19":"pa_periodo-fioritura-juillet","20":"pa_periodo-fioritura-juin","21":"pa_profumo-delicat","22":"pa_resistenza-climatica-moyenne-elevee","23":"pa_resistenza-del-suolo-resistant-aux-sols-calcaires","24":"pa_utilizzo-parcs","26":"first","27":"instock","28":"purchasable","29":"product-type-simple"},"acf":[],"_links":{"self":[{"href":"https:\/\/innocentiemangonipiante.it\/fr\/wp-json\/wp\/v2\/product\/13393","targetHints":{"allow":["GET"]}}],"collection":[{"href":"https:\/\/innocentiemangonipiante.it\/fr\/wp-json\/wp\/v2\/product"}],"about":[{"href":"https:\/\/innocentiemangonipiante.it\/fr\/wp-json\/wp\/v2\/types\/product"}],"wp:featuredmedia":[{"embeddable":true,"href":"https:\/\/innocentiemangonipiante.it\/fr\/wp-json\/wp\/v2\/media\/6084"}],"wp:attachment":[{"href":"https:\/\/innocentiemangonipiante.it\/fr\/wp-json\/wp\/v2\/media?parent=13393"}],"wp:term":[{"taxonomy":"product_brand","embeddable":true,"href":"https:\/\/innocentiemangonipiante.it\/fr\/wp-json\/wp\/v2\/product_brand?post=13393"},{"taxonomy":"product_cat","embeddable":true,"href":"https:\/\/innocentiemangonipiante.it\/fr\/wp-json\/wp\/v2\/product_cat?post=13393"},{"taxonomy":"product_tag","embeddable":true,"href":"https:\/\/innocentiemangonipiante.it\/fr\/wp-json\/wp\/v2\/product_tag?post=13393"}],"curies":[{"name":"wp","href":"https:\/\/api.w.org\/{rel}","templated":true}]}}