{"id":13394,"date":"2023-11-04T03:27:18","date_gmt":"2023-11-04T02:27:18","guid":{"rendered":"http:\/\/innocentiemangonipiante.it\/wisteria-floribunda-royal-purple\/"},"modified":"2023-11-06T16:11:44","modified_gmt":"2023-11-06T15:11:44","slug":"wisteria-floribunda-royal-purple","status":"publish","type":"product","link":"https:\/\/innocentiemangonipiante.it\/fr\/wisteria-floribunda-royal-purple\/","title":{"rendered":"WISTERIA floribunda &lsquo;Royal Purple&rsquo;"},"content":{"rendered":"<p>Fleurs d\u2019un bleu-violet fonc\u00e9 peu parfum\u00e9es en grappes de 30-50 cm de longueur, rares et tr\u00e8s \u00e9l\u00e9gantes. Feuilles \u00e9troites, acumin\u00e9es d\u2019un vert sombre intense.<\/p>\n","protected":false},"excerpt":{"rendered":"<p>Fleurs d\u2019un bleu-violet fonc\u00e9 peu parfum\u00e9es en grappes de 30-50 cm de longueur, rares et tr\u00e8s \u00e9l\u00e9gantes. Feuilles \u00e9troites, acumin\u00e9es d\u2019un vert sombre intense.<\/p>\n","protected":false},"featured_media":63579,"template":"","meta":{"_acf_changed":false},"product_brand":[],"product_cat":[8836],"product_tag":[10897,8452,6255,8750,8735,8400,13889],"class_list":{"0":"post-13394","1":"product","2":"type-product","3":"status-publish","4":"has-post-thumbnail","6":"product_cat-lianes","7":"product_tag-naturelle","8":"product_tag-arche","9":"product_tag-demi-tige","10":"product_tag-espalier-fr","11":"product_tag-quart-de-tige","12":"product_tag-tige","13":"product_tag-tige-parasol","14":"pa_altezza-massima-800-fr","15":"pa_altezza-massima-1000-fr-2","16":"pa_colore-fioritura-bleu","17":"pa_condizionamento-clt-fr","18":"pa_condizionamento-pot-carre","19":"pa_famiglia-leguminosae-fr","20":"pa_genere-wisteria-fr","21":"pa_origine-japon","22":"pa_periodo-fioritura-avril","23":"pa_profumo-delicat","24":"pa_resistenza-climatica-moyenne-elevee","25":"pa_resistenza-del-suolo-resistant-aux-sols-calcaires","26":"pa_utilizzo-parcs","28":"first","29":"instock","30":"purchasable","31":"product-type-simple"},"acf":[],"_links":{"self":[{"href":"https:\/\/innocentiemangonipiante.it\/fr\/wp-json\/wp\/v2\/product\/13394","targetHints":{"allow":["GET"]}}],"collection":[{"href":"https:\/\/innocentiemangonipiante.it\/fr\/wp-json\/wp\/v2\/product"}],"about":[{"href":"https:\/\/innocentiemangonipiante.it\/fr\/wp-json\/wp\/v2\/types\/product"}],"wp:featuredmedia":[{"embeddable":true,"href":"https:\/\/innocentiemangonipiante.it\/fr\/wp-json\/wp\/v2\/media\/63579"}],"wp:attachment":[{"href":"https:\/\/innocentiemangonipiante.it\/fr\/wp-json\/wp\/v2\/media?parent=13394"}],"wp:term":[{"taxonomy":"product_brand","embeddable":true,"href":"https:\/\/innocentiemangonipiante.it\/fr\/wp-json\/wp\/v2\/product_brand?post=13394"},{"taxonomy":"product_cat","embeddable":true,"href":"https:\/\/innocentiemangonipiante.it\/fr\/wp-json\/wp\/v2\/product_cat?post=13394"},{"taxonomy":"product_tag","embeddable":true,"href":"https:\/\/innocentiemangonipiante.it\/fr\/wp-json\/wp\/v2\/product_tag?post=13394"}],"curies":[{"name":"wp","href":"https:\/\/api.w.org\/{rel}","templated":true}]}}