{"id":13396,"date":"2023-11-04T03:26:57","date_gmt":"2023-11-04T02:26:57","guid":{"rendered":"http:\/\/innocentiemangonipiante.it\/wisteria-floribunda-macrobotrys\/"},"modified":"2023-11-06T16:11:35","modified_gmt":"2023-11-06T15:11:35","slug":"wisteria-floribunda-macrobotrys","status":"publish","type":"product","link":"https:\/\/innocentiemangonipiante.it\/fr\/wisteria-floribunda-macrobotrys\/","title":{"rendered":"WISTERIA floribunda &lsquo;Macrobotrys&rsquo;"},"content":{"rendered":"<p>Merveilleuse vari\u00e9t\u00e9 en raison de la beaut\u00e9 unique de ses grappes. Fleurs d\u2019un violet clair avec tache interne de couleur pourpre, peu parfum\u00e9es. Elles s\u2019ouvrent progressivement du haut vers le bas des grappes de 60 \u00e0 120 cm. Floraison mi-pr\u00e9coce. Fleurit apr\u00e8s la 2\u00e8me-3\u00e8me ann\u00e9e.<\/p>\n","protected":false},"excerpt":{"rendered":"<p>Merveilleuse vari\u00e9t\u00e9 en raison de la beaut\u00e9 unique de ses grappes. Fleurs d\u2019un violet clair avec tache interne de couleur pourpre, peu parfum\u00e9es. Elles s\u2019ouvrent progressivement du haut vers le bas des grappes de 60 \u00e0 120 cm. Floraison mi-pr\u00e9coce. Fleurit apr\u00e8s la 2\u00e8me-3\u00e8me ann\u00e9e.<\/p>\n","protected":false},"featured_media":6057,"template":"","meta":{"_acf_changed":false},"product_brand":[],"product_cat":[8836],"product_tag":[10897,8452,6255,8750,8735,8400,13889,8432],"class_list":{"0":"post-13396","1":"product","2":"type-product","3":"status-publish","4":"has-post-thumbnail","6":"product_cat-lianes","7":"product_tag-naturelle","8":"product_tag-arche","9":"product_tag-demi-tige","10":"product_tag-espalier-fr","11":"product_tag-quart-de-tige","12":"product_tag-tige","13":"product_tag-tige-parasol","14":"product_tag-tige-plateau-dombrage","15":"pa_altezza-massima-800-fr","16":"pa_altezza-massima-1000-fr-2","17":"pa_colore-fioritura-violet-fr","18":"pa_condizionamento-bac-d-orangerie","19":"pa_condizionamento-clt-fr","20":"pa_condizionamento-pot-carre","21":"pa_famiglia-leguminosae-fr","22":"pa_genere-wisteria-fr","23":"pa_origine-japon","24":"pa_periodo-fioritura-avril","25":"pa_profumo-delicat","26":"pa_resistenza-climatica-moyenne-elevee","27":"pa_resistenza-del-suolo-resistant-aux-sols-calcaires","28":"pa_utilizzo-parcs","30":"first","31":"instock","32":"purchasable","33":"product-type-simple"},"acf":[],"_links":{"self":[{"href":"https:\/\/innocentiemangonipiante.it\/fr\/wp-json\/wp\/v2\/product\/13396","targetHints":{"allow":["GET"]}}],"collection":[{"href":"https:\/\/innocentiemangonipiante.it\/fr\/wp-json\/wp\/v2\/product"}],"about":[{"href":"https:\/\/innocentiemangonipiante.it\/fr\/wp-json\/wp\/v2\/types\/product"}],"wp:featuredmedia":[{"embeddable":true,"href":"https:\/\/innocentiemangonipiante.it\/fr\/wp-json\/wp\/v2\/media\/6057"}],"wp:attachment":[{"href":"https:\/\/innocentiemangonipiante.it\/fr\/wp-json\/wp\/v2\/media?parent=13396"}],"wp:term":[{"taxonomy":"product_brand","embeddable":true,"href":"https:\/\/innocentiemangonipiante.it\/fr\/wp-json\/wp\/v2\/product_brand?post=13396"},{"taxonomy":"product_cat","embeddable":true,"href":"https:\/\/innocentiemangonipiante.it\/fr\/wp-json\/wp\/v2\/product_cat?post=13396"},{"taxonomy":"product_tag","embeddable":true,"href":"https:\/\/innocentiemangonipiante.it\/fr\/wp-json\/wp\/v2\/product_tag?post=13396"}],"curies":[{"name":"wp","href":"https:\/\/api.w.org\/{rel}","templated":true}]}}