{"id":13397,"date":"2023-11-04T03:26:51","date_gmt":"2023-11-04T02:26:51","guid":{"rendered":"http:\/\/innocentiemangonipiante.it\/wisteria-floribunda-longissima-alba\/"},"modified":"2023-11-06T16:11:33","modified_gmt":"2023-11-06T15:11:33","slug":"wisteria-floribunda-longissima-alba","status":"publish","type":"product","link":"https:\/\/innocentiemangonipiante.it\/fr\/wisteria-floribunda-longissima-alba\/","title":{"rendered":"WISTERIA floribunda &lsquo;Longissima Alba&rsquo;"},"content":{"rendered":"<p>Fleurs d\u2019un blanc pur, tr\u00e8s parfum\u00e9es en grappes de 40 \u00e0 60 cm de longueur. Floraison tardive.<\/p>\n","protected":false},"excerpt":{"rendered":"<p>Fleurs d\u2019un blanc pur, tr\u00e8s parfum\u00e9es en grappes de 40 \u00e0 60 cm de longueur. Floraison tardive.<\/p>\n","protected":false},"featured_media":6051,"template":"","meta":{"_acf_changed":false},"product_brand":[],"product_cat":[8836],"product_tag":[10897],"class_list":{"0":"post-13397","1":"product","2":"type-product","3":"status-publish","4":"has-post-thumbnail","6":"product_cat-lianes","7":"product_tag-naturelle","8":"pa_altezza-massima-800-fr","9":"pa_altezza-massima-1000-fr-2","10":"pa_colore-fioritura-blanc","11":"pa_famiglia-leguminosae-fr","12":"pa_genere-wisteria-fr","13":"pa_origine-japon","14":"pa_periodo-fioritura-mai","15":"pa_profumo-intense-fr","16":"pa_resistenza-climatica-moyenne-elevee","17":"pa_resistenza-del-suolo-resistant-aux-sols-calcaires","18":"pa_utilizzo-parcs","20":"first","21":"instock","22":"purchasable","23":"product-type-simple"},"acf":[],"_links":{"self":[{"href":"https:\/\/innocentiemangonipiante.it\/fr\/wp-json\/wp\/v2\/product\/13397","targetHints":{"allow":["GET"]}}],"collection":[{"href":"https:\/\/innocentiemangonipiante.it\/fr\/wp-json\/wp\/v2\/product"}],"about":[{"href":"https:\/\/innocentiemangonipiante.it\/fr\/wp-json\/wp\/v2\/types\/product"}],"wp:featuredmedia":[{"embeddable":true,"href":"https:\/\/innocentiemangonipiante.it\/fr\/wp-json\/wp\/v2\/media\/6051"}],"wp:attachment":[{"href":"https:\/\/innocentiemangonipiante.it\/fr\/wp-json\/wp\/v2\/media?parent=13397"}],"wp:term":[{"taxonomy":"product_brand","embeddable":true,"href":"https:\/\/innocentiemangonipiante.it\/fr\/wp-json\/wp\/v2\/product_brand?post=13397"},{"taxonomy":"product_cat","embeddable":true,"href":"https:\/\/innocentiemangonipiante.it\/fr\/wp-json\/wp\/v2\/product_cat?post=13397"},{"taxonomy":"product_tag","embeddable":true,"href":"https:\/\/innocentiemangonipiante.it\/fr\/wp-json\/wp\/v2\/product_tag?post=13397"}],"curies":[{"name":"wp","href":"https:\/\/api.w.org\/{rel}","templated":true}]}}