{"id":13401,"date":"2023-11-04T03:26:09","date_gmt":"2023-11-04T02:26:09","guid":{"rendered":"http:\/\/innocentiemangonipiante.it\/wisteria-brachybotrys-showa-beni\/"},"modified":"2023-11-06T16:11:02","modified_gmt":"2023-11-06T15:11:02","slug":"wisteria-brachybotrys-showa-beni","status":"publish","type":"product","link":"https:\/\/innocentiemangonipiante.it\/fr\/wisteria-brachybotrys-showa-beni\/","title":{"rendered":"WISTERIA brachybotrys &lsquo;Showa Beni&rsquo;"},"content":{"rendered":"<p>Nouvelle introduction. Tr\u00e8s grandes fleurs de couleur rose pastel, parfum\u00e9es, en grappes ramass\u00e9es de 20 cm de longueur. Fleurit d\u00e8s la premi\u00e8re ann\u00e9e.<\/p>\n","protected":false},"excerpt":{"rendered":"<p>Nouvelle introduction. Tr\u00e8s grandes fleurs de couleur rose pastel, parfum\u00e9es, en grappes ramass\u00e9es de 20 cm de longueur. Fleurit d\u00e8s la premi\u00e8re ann\u00e9e.<\/p>\n","protected":false},"featured_media":6042,"template":"","meta":{"_acf_changed":false},"product_brand":[],"product_cat":[8836],"product_tag":[10897,8452,6255,8750,8735,8400,13889,8432],"class_list":{"0":"post-13401","1":"product","2":"type-product","3":"status-publish","4":"has-post-thumbnail","6":"product_cat-lianes","7":"product_tag-naturelle","8":"product_tag-arche","9":"product_tag-demi-tige","10":"product_tag-espalier-fr","11":"product_tag-quart-de-tige","12":"product_tag-tige","13":"product_tag-tige-parasol","14":"product_tag-tige-plateau-dombrage","15":"pa_altezza-massima-600-fr","16":"pa_altezza-massima-900-fr","17":"pa_colore-fioritura-rose","18":"pa_condizionamento-bac-d-orangerie","19":"pa_condizionamento-clt-fr","20":"pa_condizionamento-pot-carre","21":"pa_famiglia-leguminosae-fr","22":"pa_genere-wisteria-fr","23":"pa_origine-japon","24":"pa_periodo-fioritura-avril","25":"pa_profumo-intense-fr","26":"pa_resistenza-climatica-moyenne-elevee","27":"pa_utilizzo-parcs","28":"pa_utilizzo-petits-jardins","30":"first","31":"instock","32":"purchasable","33":"product-type-simple"},"acf":[],"_links":{"self":[{"href":"https:\/\/innocentiemangonipiante.it\/fr\/wp-json\/wp\/v2\/product\/13401","targetHints":{"allow":["GET"]}}],"collection":[{"href":"https:\/\/innocentiemangonipiante.it\/fr\/wp-json\/wp\/v2\/product"}],"about":[{"href":"https:\/\/innocentiemangonipiante.it\/fr\/wp-json\/wp\/v2\/types\/product"}],"wp:featuredmedia":[{"embeddable":true,"href":"https:\/\/innocentiemangonipiante.it\/fr\/wp-json\/wp\/v2\/media\/6042"}],"wp:attachment":[{"href":"https:\/\/innocentiemangonipiante.it\/fr\/wp-json\/wp\/v2\/media?parent=13401"}],"wp:term":[{"taxonomy":"product_brand","embeddable":true,"href":"https:\/\/innocentiemangonipiante.it\/fr\/wp-json\/wp\/v2\/product_brand?post=13401"},{"taxonomy":"product_cat","embeddable":true,"href":"https:\/\/innocentiemangonipiante.it\/fr\/wp-json\/wp\/v2\/product_cat?post=13401"},{"taxonomy":"product_tag","embeddable":true,"href":"https:\/\/innocentiemangonipiante.it\/fr\/wp-json\/wp\/v2\/product_tag?post=13401"}],"curies":[{"name":"wp","href":"https:\/\/api.w.org\/{rel}","templated":true}]}}