{"id":13402,"date":"2023-11-04T03:26:03","date_gmt":"2023-11-04T02:26:03","guid":{"rendered":"http:\/\/innocentiemangonipiante.it\/wisteria-brachybotrys-shiro-cap-fuji\/"},"modified":"2023-11-06T16:10:59","modified_gmt":"2023-11-06T15:10:59","slug":"wisteria-brachybotrys-shiro-cap-fuji","status":"publish","type":"product","link":"https:\/\/innocentiemangonipiante.it\/fr\/wisteria-brachybotrys-shiro-cap-fuji\/","title":{"rendered":"WISTERIA brachybotrys &lsquo;Shiro Cap. Fuji&rsquo;"},"content":{"rendered":"<p>Tr\u00e8s grandes fleurs de couleur blanc pur, parfum\u00e9es, en grappes ramass\u00e9es de 15 \u00e0 20 cm de longeur. Fleurit d\u00e8s la premi\u00e8re ann\u00e9e.<\/p>\n","protected":false},"excerpt":{"rendered":"<p>Tr\u00e8s grandes fleurs de couleur blanc pur, parfum\u00e9es, en grappes ramass\u00e9es de 15 \u00e0 20 cm de longeur. Fleurit d\u00e8s la premi\u00e8re ann\u00e9e.<\/p>\n","protected":false},"featured_media":6036,"template":"","meta":{"_acf_changed":false},"product_brand":[],"product_cat":[8836],"product_tag":[10897,8452,6255,8750,8735,8400,13889],"class_list":{"0":"post-13402","1":"product","2":"type-product","3":"status-publish","4":"has-post-thumbnail","6":"product_cat-lianes","7":"product_tag-naturelle","8":"product_tag-arche","9":"product_tag-demi-tige","10":"product_tag-espalier-fr","11":"product_tag-quart-de-tige","12":"product_tag-tige","13":"product_tag-tige-parasol","14":"pa_altezza-massima-600-fr","15":"pa_altezza-massima-900-fr","16":"pa_colore-fioritura-blanc","17":"pa_condizionamento-clt-fr","18":"pa_condizionamento-pot-carre","19":"pa_famiglia-leguminosae-fr","20":"pa_genere-wisteria-fr","21":"pa_origine-japon","22":"pa_periodo-fioritura-avril","23":"pa_profumo-intense-fr","24":"pa_resistenza-climatica-moyenne-elevee","25":"pa_utilizzo-parcs","26":"pa_utilizzo-petits-jardins","28":"first","29":"instock","30":"purchasable","31":"product-type-simple"},"acf":[],"_links":{"self":[{"href":"https:\/\/innocentiemangonipiante.it\/fr\/wp-json\/wp\/v2\/product\/13402","targetHints":{"allow":["GET"]}}],"collection":[{"href":"https:\/\/innocentiemangonipiante.it\/fr\/wp-json\/wp\/v2\/product"}],"about":[{"href":"https:\/\/innocentiemangonipiante.it\/fr\/wp-json\/wp\/v2\/types\/product"}],"wp:featuredmedia":[{"embeddable":true,"href":"https:\/\/innocentiemangonipiante.it\/fr\/wp-json\/wp\/v2\/media\/6036"}],"wp:attachment":[{"href":"https:\/\/innocentiemangonipiante.it\/fr\/wp-json\/wp\/v2\/media?parent=13402"}],"wp:term":[{"taxonomy":"product_brand","embeddable":true,"href":"https:\/\/innocentiemangonipiante.it\/fr\/wp-json\/wp\/v2\/product_brand?post=13402"},{"taxonomy":"product_cat","embeddable":true,"href":"https:\/\/innocentiemangonipiante.it\/fr\/wp-json\/wp\/v2\/product_cat?post=13402"},{"taxonomy":"product_tag","embeddable":true,"href":"https:\/\/innocentiemangonipiante.it\/fr\/wp-json\/wp\/v2\/product_tag?post=13402"}],"curies":[{"name":"wp","href":"https:\/\/api.w.org\/{rel}","templated":true}]}}