{"id":13404,"date":"2023-11-04T03:29:34","date_gmt":"2023-11-04T02:29:34","guid":{"rendered":"http:\/\/innocentiemangonipiante.it\/yucca-rostrata\/"},"modified":"2023-11-06T16:13:24","modified_gmt":"2023-11-06T15:13:24","slug":"yucca-rostrata","status":"publish","type":"product","link":"https:\/\/innocentiemangonipiante.it\/fr\/yucca-rostrata\/","title":{"rendered":"YUCCA rostrata"},"content":{"rendered":"<p>Rare et tr\u00e8s jolie Yucca avec tronc nu et t\u00eate touffue compos\u00e9e par feuilees lin\u00e9aires, rigides, jusqu\u2019\u00e0 60 cm de longueur et d\u2019un couleur gris acier bleu\u00e2tre. En \u00e9t\u00e9 de longues \u00e9pis de fleurs blanches campanul\u00e9es.<\/p>\n","protected":false},"excerpt":{"rendered":"<p>Rare et tr\u00e8s jolie Yucca avec tronc nu et t\u00eate touffue compos\u00e9e par feuilees lin\u00e9aires, rigides, jusqu\u2019\u00e0 60 cm de longueur et d\u2019un couleur gris acier bleu\u00e2tre. En \u00e9t\u00e9 de longues \u00e9pis de fleurs blanches campanul\u00e9es.<\/p>\n","protected":false},"featured_media":6133,"template":"","meta":{"_acf_changed":false},"product_brand":[],"product_cat":[8833,9230],"product_tag":[10897],"class_list":{"0":"post-13404","1":"product","2":"type-product","3":"status-publish","4":"has-post-thumbnail","6":"product_cat-palme-et-succulent","7":"product_cat-arbres-et-plantes-du-futur","8":"product_tag-naturelle","9":"pa_altezza-massima-200-fr","10":"pa_altezza-massima-300-fr-2","11":"pa_colore-delle-foglie-grises","12":"pa_colore-fioritura-blanc","13":"pa_famiglia-agavaceae-fr","14":"pa_genere-yucca-fr","15":"pa_inquinamento-resistance-a-la-pollution","16":"pa_origine-mexique","17":"pa_periodo-fioritura-aout","18":"pa_periodo-fioritura-juillet","19":"pa_periodo-fioritura-juin","20":"pa_portamento-eretto-fr","21":"pa_resistenza-climatica-moyenne-elevee","22":"pa_resistenza-del-suolo-resistant-aux-sols-calcaires","23":"pa_resistenza-del-suolo-resistant-aux-sols-secs","24":"pa_utilizzo-parcs","25":"pa_utilizzo-petits-jardins","27":"first","28":"instock","29":"purchasable","30":"product-type-simple"},"acf":[],"_links":{"self":[{"href":"https:\/\/innocentiemangonipiante.it\/fr\/wp-json\/wp\/v2\/product\/13404","targetHints":{"allow":["GET"]}}],"collection":[{"href":"https:\/\/innocentiemangonipiante.it\/fr\/wp-json\/wp\/v2\/product"}],"about":[{"href":"https:\/\/innocentiemangonipiante.it\/fr\/wp-json\/wp\/v2\/types\/product"}],"wp:featuredmedia":[{"embeddable":true,"href":"https:\/\/innocentiemangonipiante.it\/fr\/wp-json\/wp\/v2\/media\/6133"}],"wp:attachment":[{"href":"https:\/\/innocentiemangonipiante.it\/fr\/wp-json\/wp\/v2\/media?parent=13404"}],"wp:term":[{"taxonomy":"product_brand","embeddable":true,"href":"https:\/\/innocentiemangonipiante.it\/fr\/wp-json\/wp\/v2\/product_brand?post=13404"},{"taxonomy":"product_cat","embeddable":true,"href":"https:\/\/innocentiemangonipiante.it\/fr\/wp-json\/wp\/v2\/product_cat?post=13404"},{"taxonomy":"product_tag","embeddable":true,"href":"https:\/\/innocentiemangonipiante.it\/fr\/wp-json\/wp\/v2\/product_tag?post=13404"}],"curies":[{"name":"wp","href":"https:\/\/api.w.org\/{rel}","templated":true}]}}