{"id":13405,"date":"2023-11-04T03:29:18","date_gmt":"2023-11-04T02:29:18","guid":{"rendered":"http:\/\/innocentiemangonipiante.it\/yucca-gloriosa-variegata\/"},"modified":"2023-11-06T16:13:15","modified_gmt":"2023-11-06T15:13:15","slug":"yucca-gloriosa-variegata","status":"publish","type":"product","link":"https:\/\/innocentiemangonipiante.it\/fr\/yucca-gloriosa-variegata\/","title":{"rendered":"YUCCA gloriosa &lsquo;Variegata&rsquo;"},"content":{"rendered":"<p>Les feuilles sont lanc\u00e9ol\u00e9es avec des pointes rigides, recourb\u00e9es, de couleur vert moyen avec des bords jaunes.<\/p>\n","protected":false},"excerpt":{"rendered":"<p>Les feuilles sont lanc\u00e9ol\u00e9es avec des pointes rigides, recourb\u00e9es, de couleur vert moyen avec des bords jaunes.<\/p>\n","protected":false},"featured_media":6127,"template":"","meta":{"_acf_changed":false},"product_brand":[],"product_cat":[8833,9230],"product_tag":[10897],"class_list":{"0":"post-13405","1":"product","2":"type-product","3":"status-publish","4":"has-post-thumbnail","6":"product_cat-palme-et-succulent","7":"product_cat-arbres-et-plantes-du-futur","8":"product_tag-naturelle","9":"pa_altezza-massima-150-fr","10":"pa_altezza-massima-200-fr","11":"pa_colore-delle-foglie-panachees","12":"pa_colore-fioritura-blanc","13":"pa_condizionamento-clt-fr","14":"pa_condizionamento-vs-fr","15":"pa_famiglia-agavaceae-fr","16":"pa_genere-yucca-fr","17":"pa_origine-origine-delle-piante-u-s-a","18":"pa_periodo-fioritura-aout","19":"pa_periodo-fioritura-septembre","20":"pa_portamento-eretto-fr","21":"pa_resistenza-climatica-moyenne","22":"pa_resistenza-del-suolo-resistant-aux-sols-calcaires","23":"pa_resistenza-del-suolo-resistant-aux-sols-secs","24":"pa_salinita-resistance-a-la-salinisation","25":"pa_utilizzo-balcons","26":"pa_utilizzo-petits-jardins","28":"first","29":"instock","30":"purchasable","31":"product-type-simple"},"acf":[],"_links":{"self":[{"href":"https:\/\/innocentiemangonipiante.it\/fr\/wp-json\/wp\/v2\/product\/13405","targetHints":{"allow":["GET"]}}],"collection":[{"href":"https:\/\/innocentiemangonipiante.it\/fr\/wp-json\/wp\/v2\/product"}],"about":[{"href":"https:\/\/innocentiemangonipiante.it\/fr\/wp-json\/wp\/v2\/types\/product"}],"wp:featuredmedia":[{"embeddable":true,"href":"https:\/\/innocentiemangonipiante.it\/fr\/wp-json\/wp\/v2\/media\/6127"}],"wp:attachment":[{"href":"https:\/\/innocentiemangonipiante.it\/fr\/wp-json\/wp\/v2\/media?parent=13405"}],"wp:term":[{"taxonomy":"product_brand","embeddable":true,"href":"https:\/\/innocentiemangonipiante.it\/fr\/wp-json\/wp\/v2\/product_brand?post=13405"},{"taxonomy":"product_cat","embeddable":true,"href":"https:\/\/innocentiemangonipiante.it\/fr\/wp-json\/wp\/v2\/product_cat?post=13405"},{"taxonomy":"product_tag","embeddable":true,"href":"https:\/\/innocentiemangonipiante.it\/fr\/wp-json\/wp\/v2\/product_tag?post=13405"}],"curies":[{"name":"wp","href":"https:\/\/api.w.org\/{rel}","templated":true}]}}