{"id":13407,"date":"2023-11-04T03:28:57","date_gmt":"2023-11-04T02:28:57","guid":{"rendered":"http:\/\/innocentiemangonipiante.it\/yucca-flaccida-golden-sword\/"},"modified":"2023-11-06T16:12:28","modified_gmt":"2023-11-06T15:12:28","slug":"yucca-flaccida-golden-sword","status":"publish","type":"product","link":"https:\/\/innocentiemangonipiante.it\/fr\/yucca-flaccida-golden-sword\/","title":{"rendered":"YUCCA flaccida &lsquo;Golden Sword&rsquo;"},"content":{"rendered":"<p>Petites feuilles lanc\u00e9ol\u00e9es, pas tr\u00e8s rigides, longues jusqu\u2019\u00e0 50 cm d\u2019une couleur jaune avec les bordes en vert.<\/p>\n","protected":false},"excerpt":{"rendered":"<p>Petites feuilles lanc\u00e9ol\u00e9es, pas tr\u00e8s rigides, longues jusqu\u2019\u00e0 50 cm d\u2019une couleur jaune avec les bordes en vert.<\/p>\n","protected":false},"featured_media":6115,"template":"","meta":{"_acf_changed":false},"product_brand":[],"product_cat":[8833,9230],"product_tag":[10897],"class_list":{"0":"post-13407","1":"product","2":"type-product","3":"status-publish","4":"has-post-thumbnail","6":"product_cat-palme-et-succulent","7":"product_cat-arbres-et-plantes-du-futur","8":"product_tag-naturelle","9":"pa_altezza-massima-0_50-metres","10":"pa_altezza-massima-100-fr","11":"pa_colore-delle-foglie-panachees","12":"pa_colore-fioritura-blanc","13":"pa_condizionamento-clt-fr","14":"pa_condizionamento-vs-fr","15":"pa_famiglia-agavaceae-fr","16":"pa_genere-yucca-fr","17":"pa_origine-nouvelle-zelande-fr","18":"pa_periodo-fioritura-aout","19":"pa_periodo-fioritura-juillet","20":"pa_periodo-fioritura-septembre","21":"pa_portamento-eretto-fr","22":"pa_resistenza-climatica-moyenne","23":"pa_resistenza-del-suolo-resistant-aux-sols-calcaires","24":"pa_resistenza-del-suolo-resistant-aux-sols-secs","25":"pa_salinita-resistance-a-la-salinisation","26":"pa_utilizzo-balcons","27":"pa_utilizzo-petits-jardins","29":"first","30":"instock","31":"purchasable","32":"product-type-simple"},"acf":[],"_links":{"self":[{"href":"https:\/\/innocentiemangonipiante.it\/fr\/wp-json\/wp\/v2\/product\/13407","targetHints":{"allow":["GET"]}}],"collection":[{"href":"https:\/\/innocentiemangonipiante.it\/fr\/wp-json\/wp\/v2\/product"}],"about":[{"href":"https:\/\/innocentiemangonipiante.it\/fr\/wp-json\/wp\/v2\/types\/product"}],"wp:featuredmedia":[{"embeddable":true,"href":"https:\/\/innocentiemangonipiante.it\/fr\/wp-json\/wp\/v2\/media\/6115"}],"wp:attachment":[{"href":"https:\/\/innocentiemangonipiante.it\/fr\/wp-json\/wp\/v2\/media?parent=13407"}],"wp:term":[{"taxonomy":"product_brand","embeddable":true,"href":"https:\/\/innocentiemangonipiante.it\/fr\/wp-json\/wp\/v2\/product_brand?post=13407"},{"taxonomy":"product_cat","embeddable":true,"href":"https:\/\/innocentiemangonipiante.it\/fr\/wp-json\/wp\/v2\/product_cat?post=13407"},{"taxonomy":"product_tag","embeddable":true,"href":"https:\/\/innocentiemangonipiante.it\/fr\/wp-json\/wp\/v2\/product_tag?post=13407"}],"curies":[{"name":"wp","href":"https:\/\/api.w.org\/{rel}","templated":true}]}}