{"id":13411,"date":"2023-11-04T03:28:29","date_gmt":"2023-11-04T02:28:29","guid":{"rendered":"http:\/\/innocentiemangonipiante.it\/yucca-filamentosa\/"},"modified":"2023-11-06T16:12:15","modified_gmt":"2023-11-06T15:12:15","slug":"yucca-filamentosa","status":"publish","type":"product","link":"https:\/\/innocentiemangonipiante.it\/fr\/yucca-filamentosa\/","title":{"rendered":"YUCCA filamentosa"},"content":{"rendered":"<p>Arbuste \u00e9rig\u00e9 avec rosettes basales de feuilles d\u2019un vert fonc\u00e9, lanc\u00e9ol\u00e9es, rigides et des fils blancs rid\u00e9s sur les bords. De la moiti\u00e9 \u00e0 la fin de l\u2019\u00e9t\u00e9 s\u2019\u00e9panouissent des fleurs blanches, en panicules \u00e9rig\u00e9es, campanul\u00e9es, nuanc\u00e9es de vert ou de cr\u00e8me.<\/p>\n","protected":false},"excerpt":{"rendered":"<p>Arbuste \u00e9rig\u00e9 avec rosettes basales de feuilles d\u2019un vert fonc\u00e9, lanc\u00e9ol\u00e9es, rigides et des fils blancs rid\u00e9s sur les bords. De la moiti\u00e9 \u00e0 la fin de l\u2019\u00e9t\u00e9 s\u2019\u00e9panouissent des fleurs blanches, en panicules \u00e9rig\u00e9es, campanul\u00e9es, nuanc\u00e9es de vert ou de cr\u00e8me.<\/p>\n","protected":false},"featured_media":6096,"template":"","meta":{"_acf_changed":false},"product_brand":[],"product_cat":[8833,9230],"product_tag":[10897],"class_list":{"0":"post-13411","1":"product","2":"type-product","3":"status-publish","4":"has-post-thumbnail","6":"product_cat-palme-et-succulent","7":"product_cat-arbres-et-plantes-du-futur","8":"product_tag-naturelle","9":"pa_altezza-massima-0_80-metres","10":"pa_altezza-massima-130-fr","11":"pa_colore-fioritura-blanc","12":"pa_condizionamento-clt-fr","13":"pa_condizionamento-vs-fr","14":"pa_famiglia-agavaceae-fr","15":"pa_genere-yucca-fr","16":"pa_origine-origine-delle-piante-u-s-a","17":"pa_periodo-fioritura-aout","18":"pa_periodo-fioritura-juillet","19":"pa_portamento-eretto-fr","20":"pa_resistenza-climatica-moyenne","21":"pa_resistenza-del-suolo-resistant-aux-sols-calcaires","22":"pa_resistenza-del-suolo-resistant-aux-sols-secs","23":"pa_salinita-resistance-a-la-salinisation","24":"pa_utilizzo-balcons","25":"pa_utilizzo-petits-jardins","27":"first","28":"instock","29":"purchasable","30":"product-type-simple"},"acf":[],"_links":{"self":[{"href":"https:\/\/innocentiemangonipiante.it\/fr\/wp-json\/wp\/v2\/product\/13411","targetHints":{"allow":["GET"]}}],"collection":[{"href":"https:\/\/innocentiemangonipiante.it\/fr\/wp-json\/wp\/v2\/product"}],"about":[{"href":"https:\/\/innocentiemangonipiante.it\/fr\/wp-json\/wp\/v2\/types\/product"}],"wp:featuredmedia":[{"embeddable":true,"href":"https:\/\/innocentiemangonipiante.it\/fr\/wp-json\/wp\/v2\/media\/6096"}],"wp:attachment":[{"href":"https:\/\/innocentiemangonipiante.it\/fr\/wp-json\/wp\/v2\/media?parent=13411"}],"wp:term":[{"taxonomy":"product_brand","embeddable":true,"href":"https:\/\/innocentiemangonipiante.it\/fr\/wp-json\/wp\/v2\/product_brand?post=13411"},{"taxonomy":"product_cat","embeddable":true,"href":"https:\/\/innocentiemangonipiante.it\/fr\/wp-json\/wp\/v2\/product_cat?post=13411"},{"taxonomy":"product_tag","embeddable":true,"href":"https:\/\/innocentiemangonipiante.it\/fr\/wp-json\/wp\/v2\/product_tag?post=13411"}],"curies":[{"name":"wp","href":"https:\/\/api.w.org\/{rel}","templated":true}]}}