{"id":13412,"date":"2023-11-04T03:28:15","date_gmt":"2023-11-04T02:28:15","guid":{"rendered":"http:\/\/innocentiemangonipiante.it\/yucca-elephantipes\/"},"modified":"2023-11-06T16:12:09","modified_gmt":"2023-11-06T15:12:09","slug":"yucca-elephantipes","status":"publish","type":"product","link":"https:\/\/innocentiemangonipiante.it\/fr\/yucca-elephantipes\/","title":{"rendered":"YUCCA elephantipes"},"content":{"rendered":"<p>Grande arbuste \u00e9rig\u00e9 avec troncs peu ramifi\u00e9s \u00e0 niveau du sol. Les feuilles persistantes sont de vert clair a vert fonc\u00e9, \u00e9troitement lanc\u00e9ol\u00e9es, coriac\u00e9es, avec bords dentel\u00e9s. Il produit fleurs blanc cr\u00e9me group\u00e9es en denses \u00e9pis \u00e9rig\u00e9s, apparaissant dans la p\u00e9riode estivale \u00e0 l\u2019automne.<\/p>\n","protected":false},"excerpt":{"rendered":"<p>Grande arbuste \u00e9rig\u00e9 avec troncs peu ramifi\u00e9s \u00e0 niveau du sol. Les feuilles persistantes sont de vert clair a vert fonc\u00e9, \u00e9troitement lanc\u00e9ol\u00e9es, coriac\u00e9es, avec bords dentel\u00e9s. Il produit fleurs blanc cr\u00e9me group\u00e9es en denses \u00e9pis \u00e9rig\u00e9s, apparaissant dans la p\u00e9riode estivale \u00e0 l\u2019automne.<\/p>\n","protected":false},"featured_media":6090,"template":"","meta":{"_acf_changed":false},"product_brand":[],"product_cat":[8833,9230],"product_tag":[10897],"class_list":{"0":"post-13412","1":"product","2":"type-product","3":"status-publish","4":"has-post-thumbnail","6":"product_cat-palme-et-succulent","7":"product_cat-arbres-et-plantes-du-futur","8":"product_tag-naturelle","9":"pa_altezza-massima-800-fr","10":"pa_altezza-massima-1000-fr-2","11":"pa_colore-fioritura-blanc","12":"pa_condizionamento-clt-fr","13":"pa_famiglia-agavaceae-fr","14":"pa_genere-yucca-fr","15":"pa_origine-mexique","16":"pa_periodo-fioritura-aout","17":"pa_periodo-fioritura-juillet","18":"pa_periodo-fioritura-juin","19":"pa_periodo-fioritura-septembre","20":"pa_portamento-eretto-fr","21":"pa_resistenza-climatica-tres-faible","22":"pa_resistenza-del-suolo-resistant-aux-sols-calcaires","23":"pa_resistenza-del-suolo-resistant-aux-sols-secs","24":"pa_salinita-resistance-a-la-salinisation","25":"pa_utilizzo-parcs","26":"pa_utilizzo-petits-jardins","28":"first","29":"instock","30":"purchasable","31":"product-type-simple"},"acf":[],"_links":{"self":[{"href":"https:\/\/innocentiemangonipiante.it\/fr\/wp-json\/wp\/v2\/product\/13412","targetHints":{"allow":["GET"]}}],"collection":[{"href":"https:\/\/innocentiemangonipiante.it\/fr\/wp-json\/wp\/v2\/product"}],"about":[{"href":"https:\/\/innocentiemangonipiante.it\/fr\/wp-json\/wp\/v2\/types\/product"}],"wp:featuredmedia":[{"embeddable":true,"href":"https:\/\/innocentiemangonipiante.it\/fr\/wp-json\/wp\/v2\/media\/6090"}],"wp:attachment":[{"href":"https:\/\/innocentiemangonipiante.it\/fr\/wp-json\/wp\/v2\/media?parent=13412"}],"wp:term":[{"taxonomy":"product_brand","embeddable":true,"href":"https:\/\/innocentiemangonipiante.it\/fr\/wp-json\/wp\/v2\/product_brand?post=13412"},{"taxonomy":"product_cat","embeddable":true,"href":"https:\/\/innocentiemangonipiante.it\/fr\/wp-json\/wp\/v2\/product_cat?post=13412"},{"taxonomy":"product_tag","embeddable":true,"href":"https:\/\/innocentiemangonipiante.it\/fr\/wp-json\/wp\/v2\/product_tag?post=13412"}],"curies":[{"name":"wp","href":"https:\/\/api.w.org\/{rel}","templated":true}]}}