{"id":13413,"date":"2023-11-04T03:30:01","date_gmt":"2023-11-04T02:30:01","guid":{"rendered":"http:\/\/innocentiemangonipiante.it\/zelkova-serrata-village-green\/"},"modified":"2023-11-06T16:13:35","modified_gmt":"2023-11-06T15:13:35","slug":"zelkova-serrata-village-green","status":"publish","type":"product","link":"https:\/\/innocentiemangonipiante.it\/fr\/zelkova-serrata-village-green\/","title":{"rendered":"ZELKOVA serrata &lsquo;Village Green&rsquo; \u00ae"},"content":{"rendered":"<p>Grande arbre caduc avec croissance rapide et port \u00e9vas\u00e9. Ecorce jeune, similaire \u00e0 celle d\u2019un cerisier, qui s\u2019effeuille \u00e0 maturit\u00e9. Les feuilles sont vert fonc\u00e9 et virent au jaune orange et rouge en automne. Tr\u00e8s r\u00e9sistant au vent et \u00e0 la s\u00e9cheresse.<\/p>\n","protected":false},"excerpt":{"rendered":"<p>Grande arbre caduc avec croissance rapide et port \u00e9vas\u00e9. Ecorce jeune, similaire \u00e0 celle d\u2019un cerisier, qui s\u2019effeuille \u00e0 maturit\u00e9. Les feuilles sont vert fonc\u00e9 et virent au jaune orange et rouge en automne. Tr\u00e8s r\u00e9sistant au vent et \u00e0 la s\u00e9cheresse.<\/p>\n","protected":false},"featured_media":6151,"template":"","meta":{"_acf_changed":false},"product_brand":[],"product_cat":[8812],"product_tag":[10897,8596,8400],"class_list":{"0":"post-13413","1":"product","2":"type-product","3":"status-publish","4":"has-post-thumbnail","6":"product_cat-arbres-et-arbustes-a-feuilles-caduques","7":"product_tag-naturelle","8":"product_tag-cepee","9":"product_tag-tige","10":"pa_altezza-massima-15-metres","11":"pa_altezza-massima-20-metres","12":"pa_condizionamento-clt-fr","13":"pa_condizionamento-motte","14":"pa_famiglia-ulmaceae-fr-2","15":"pa_genere-zelkova-fr","16":"pa_inquinamento-resistance-a-la-pollution","17":"pa_origine-origine-delle-piante-u-s-a","18":"pa_portamento-eretto-fr","19":"pa_resistenza-climatica-tres-elevee","20":"pa_utilizzo-avenues-fr","21":"pa_utilizzo-parcs","23":"first","24":"instock","25":"purchasable","26":"product-type-simple"},"acf":[],"_links":{"self":[{"href":"https:\/\/innocentiemangonipiante.it\/fr\/wp-json\/wp\/v2\/product\/13413","targetHints":{"allow":["GET"]}}],"collection":[{"href":"https:\/\/innocentiemangonipiante.it\/fr\/wp-json\/wp\/v2\/product"}],"about":[{"href":"https:\/\/innocentiemangonipiante.it\/fr\/wp-json\/wp\/v2\/types\/product"}],"wp:featuredmedia":[{"embeddable":true,"href":"https:\/\/innocentiemangonipiante.it\/fr\/wp-json\/wp\/v2\/media\/6151"}],"wp:attachment":[{"href":"https:\/\/innocentiemangonipiante.it\/fr\/wp-json\/wp\/v2\/media?parent=13413"}],"wp:term":[{"taxonomy":"product_brand","embeddable":true,"href":"https:\/\/innocentiemangonipiante.it\/fr\/wp-json\/wp\/v2\/product_brand?post=13413"},{"taxonomy":"product_cat","embeddable":true,"href":"https:\/\/innocentiemangonipiante.it\/fr\/wp-json\/wp\/v2\/product_cat?post=13413"},{"taxonomy":"product_tag","embeddable":true,"href":"https:\/\/innocentiemangonipiante.it\/fr\/wp-json\/wp\/v2\/product_tag?post=13413"}],"curies":[{"name":"wp","href":"https:\/\/api.w.org\/{rel}","templated":true}]}}