{"id":13414,"date":"2023-11-04T03:29:55","date_gmt":"2023-11-04T02:29:55","guid":{"rendered":"http:\/\/innocentiemangonipiante.it\/zelkova-serrata-green-vase\/"},"modified":"2023-11-06T16:13:32","modified_gmt":"2023-11-06T15:13:32","slug":"zelkova-serrata-green-vase","status":"publish","type":"product","link":"https:\/\/innocentiemangonipiante.it\/fr\/zelkova-serrata-green-vase\/","title":{"rendered":"ZELKOVA serrata &lsquo;Green Vase&rsquo; \u00ae"},"content":{"rendered":"<p>Au port similaire \u00e0 un pot. La croissance rapide est tr\u00e8s jolie. Les feuilles virent au marron orange et rouge bronz\u00e9 en automne. Croissance lente. Port \u00e9troitement \u00e9rig\u00e9. Feuilles ovo\u00efdes pointues, dent\u00e9l\u00e9es se colorent de rouge oranger en automne. Gr\u00e2ce \u00e0 son port il s\u2019agit d\u2019une vari\u00e9t\u00e9 tr\u00e8s adapte \u00e0 l\u2019utilisation en alignement en milieu urbain.<\/p>\n","protected":false},"excerpt":{"rendered":"<p>Au port similaire \u00e0 un pot. La croissance rapide est tr\u00e8s jolie. Les feuilles virent au marron orange et rouge bronz\u00e9 en automne. Croissance lente. Port \u00e9troitement \u00e9rig\u00e9. Feuilles ovo\u00efdes pointues, dent\u00e9l\u00e9es se colorent de rouge oranger en automne. Gr\u00e2ce \u00e0 son port il s\u2019agit d\u2019une vari\u00e9t\u00e9 tr\u00e8s adapte \u00e0 l\u2019utilisation en alignement en milieu [&hellip;]<\/p>\n","protected":false},"featured_media":6145,"template":"","meta":{"_acf_changed":false},"product_brand":[],"product_cat":[8812,9230],"product_tag":[10897,8596,8400],"class_list":{"0":"post-13414","1":"product","2":"type-product","3":"status-publish","4":"has-post-thumbnail","6":"product_cat-arbres-et-arbustes-a-feuilles-caduques","7":"product_cat-arbres-et-plantes-du-futur","8":"product_tag-naturelle","9":"product_tag-cepee","10":"product_tag-tige","11":"pa_altezza-massima-15-metres","12":"pa_altezza-massima-20-metres","13":"pa_condizionamento-clt-fr","14":"pa_condizionamento-motte","15":"pa_famiglia-ulmaceae-fr-2","16":"pa_genere-zelkova-fr","17":"pa_inquinamento-resistance-a-la-pollution","18":"pa_origine-origine-delle-piante-u-s-a","19":"pa_portamento-de-colonne","20":"pa_resistenza-climatica-tres-elevee","21":"pa_utilizzo-avenues-fr","22":"pa_utilizzo-parcs","24":"first","25":"instock","26":"purchasable","27":"product-type-simple"},"acf":[],"_links":{"self":[{"href":"https:\/\/innocentiemangonipiante.it\/fr\/wp-json\/wp\/v2\/product\/13414","targetHints":{"allow":["GET"]}}],"collection":[{"href":"https:\/\/innocentiemangonipiante.it\/fr\/wp-json\/wp\/v2\/product"}],"about":[{"href":"https:\/\/innocentiemangonipiante.it\/fr\/wp-json\/wp\/v2\/types\/product"}],"wp:featuredmedia":[{"embeddable":true,"href":"https:\/\/innocentiemangonipiante.it\/fr\/wp-json\/wp\/v2\/media\/6145"}],"wp:attachment":[{"href":"https:\/\/innocentiemangonipiante.it\/fr\/wp-json\/wp\/v2\/media?parent=13414"}],"wp:term":[{"taxonomy":"product_brand","embeddable":true,"href":"https:\/\/innocentiemangonipiante.it\/fr\/wp-json\/wp\/v2\/product_brand?post=13414"},{"taxonomy":"product_cat","embeddable":true,"href":"https:\/\/innocentiemangonipiante.it\/fr\/wp-json\/wp\/v2\/product_cat?post=13414"},{"taxonomy":"product_tag","embeddable":true,"href":"https:\/\/innocentiemangonipiante.it\/fr\/wp-json\/wp\/v2\/product_tag?post=13414"}],"curies":[{"name":"wp","href":"https:\/\/api.w.org\/{rel}","templated":true}]}}