{"id":13415,"date":"2023-11-04T03:29:40","date_gmt":"2023-11-04T02:29:40","guid":{"rendered":"http:\/\/innocentiemangonipiante.it\/zelkova-serrata\/"},"modified":"2023-11-06T16:13:27","modified_gmt":"2023-11-06T15:13:27","slug":"zelkova-serrata","status":"publish","type":"product","link":"https:\/\/innocentiemangonipiante.it\/fr\/zelkova-serrata\/","title":{"rendered":"ZELKOVA serrata"},"content":{"rendered":"<p>Arbre \u00e0 feuilles caduques au port ample et \u00e0 l\u2019\u00e9corce grise, lisse qui s\u2019effeuille en plaques en vieillissant. Les feuilles sont fines, ov\u00e9es, fusel\u00e9es, de 12 cm de longueur, dentel\u00e9es et de couleur vert fonc\u00e9 et deviennent jaunes, oranges ou rouges en automne. R\u00e9sistant \u00e0 la pollution. Bonne adaptation au milieu urbain. Si utilis\u00e9 en alignement, pr\u00e9voir l\u2019\u00e9largissement de la couronne. Tr\u00e8s bel arbre d\u2019ornement.<\/p>\n","protected":false},"excerpt":{"rendered":"<p>Arbre \u00e0 feuilles caduques au port ample et \u00e0 l\u2019\u00e9corce grise, lisse qui s\u2019effeuille en plaques en vieillissant. Les feuilles sont fines, ov\u00e9es, fusel\u00e9es, de 12 cm de longueur, dentel\u00e9es et de couleur vert fonc\u00e9 et deviennent jaunes, oranges ou rouges en automne. R\u00e9sistant \u00e0 la pollution. Bonne adaptation au milieu urbain. Si utilis\u00e9 en [&hellip;]<\/p>\n","protected":false},"featured_media":6139,"template":"","meta":{"_acf_changed":false},"product_brand":[],"product_cat":[8812],"product_tag":[10897,8596,8400],"class_list":{"0":"post-13415","1":"product","2":"type-product","3":"status-publish","4":"has-post-thumbnail","6":"product_cat-arbres-et-arbustes-a-feuilles-caduques","7":"product_tag-naturelle","8":"product_tag-cepee","9":"product_tag-tige","10":"pa_altezza-massima-20-metres","11":"pa_altezza-massima-30-metres","12":"pa_condizionamento-clt-fr","13":"pa_condizionamento-motte","14":"pa_famiglia-ulmaceae-fr-2","15":"pa_genere-zelkova-fr","16":"pa_inquinamento-resistance-a-la-pollution","17":"pa_origine-asie-orientale","18":"pa_portamento-eretto-fr","19":"pa_resistenza-climatica-tres-elevee","20":"pa_utilizzo-parcs","22":"first","23":"instock","24":"purchasable","25":"product-type-simple"},"acf":[],"_links":{"self":[{"href":"https:\/\/innocentiemangonipiante.it\/fr\/wp-json\/wp\/v2\/product\/13415","targetHints":{"allow":["GET"]}}],"collection":[{"href":"https:\/\/innocentiemangonipiante.it\/fr\/wp-json\/wp\/v2\/product"}],"about":[{"href":"https:\/\/innocentiemangonipiante.it\/fr\/wp-json\/wp\/v2\/types\/product"}],"wp:featuredmedia":[{"embeddable":true,"href":"https:\/\/innocentiemangonipiante.it\/fr\/wp-json\/wp\/v2\/media\/6139"}],"wp:attachment":[{"href":"https:\/\/innocentiemangonipiante.it\/fr\/wp-json\/wp\/v2\/media?parent=13415"}],"wp:term":[{"taxonomy":"product_brand","embeddable":true,"href":"https:\/\/innocentiemangonipiante.it\/fr\/wp-json\/wp\/v2\/product_brand?post=13415"},{"taxonomy":"product_cat","embeddable":true,"href":"https:\/\/innocentiemangonipiante.it\/fr\/wp-json\/wp\/v2\/product_cat?post=13415"},{"taxonomy":"product_tag","embeddable":true,"href":"https:\/\/innocentiemangonipiante.it\/fr\/wp-json\/wp\/v2\/product_tag?post=13415"}],"curies":[{"name":"wp","href":"https:\/\/api.w.org\/{rel}","templated":true}]}}