{"id":13417,"date":"2023-11-04T03:30:07","date_gmt":"2023-11-04T02:30:07","guid":{"rendered":"http:\/\/innocentiemangonipiante.it\/ziziphus-sativa\/"},"modified":"2023-11-06T16:13:38","modified_gmt":"2023-11-06T15:13:38","slug":"ziziphus-sativa","status":"publish","type":"product","link":"https:\/\/innocentiemangonipiante.it\/fr\/ziziphus-sativa\/","title":{"rendered":"ZIZIPHUS sativa"},"content":{"rendered":"<p>Arbre \u00e0 feuilles caduques au port conique irr\u00e9gulier. Les feuilles sont ov\u00e9es, luisantes et de couleur vert fonc\u00e9. Epineux. En \u00e9t\u00e9, il donne des fruits comestibles tr\u00e8s sucr\u00e9s, ovo\u00efdaux, semblables aux olives et de couleur marron.<\/p>\n","protected":false},"excerpt":{"rendered":"<p>Arbre \u00e0 feuilles caduques au port conique irr\u00e9gulier. Les feuilles sont ov\u00e9es, luisantes et de couleur vert fonc\u00e9. Epineux. En \u00e9t\u00e9, il donne des fruits comestibles tr\u00e8s sucr\u00e9s, ovo\u00efdaux, semblables aux olives et de couleur marron.<\/p>\n","protected":false},"featured_media":6157,"template":"","meta":{"_acf_changed":false},"product_brand":[],"product_cat":[8812,9230],"product_tag":[10897],"class_list":{"0":"post-13417","1":"product","2":"type-product","3":"status-publish","4":"has-post-thumbnail","6":"product_cat-arbres-et-arbustes-a-feuilles-caduques","7":"product_cat-arbres-et-plantes-du-futur","8":"product_tag-naturelle","9":"pa_altezza-massima-500-fr","10":"pa_altezza-massima-1000-fr-2","11":"pa_colore-fioritura-blanc","12":"pa_famiglia-rhamnaceae-fr","13":"pa_genere-ziziphus-fr","14":"pa_origine-asie-orientale","15":"pa_periodo-fioritura-juillet","16":"pa_periodo-fruttificazione-octobre","17":"pa_periodo-fruttificazione-septembre","18":"pa_portamento-piramidale-fr","19":"pa_resistenza-climatica-tres-elevee","20":"pa_resistenza-del-suolo-resistant-aux-sols-calcaires","21":"pa_resistenza-del-suolo-resistant-aux-sols-secs","22":"pa_utilizzo-parcs","23":"pa_utilizzo-petits-jardins","25":"first","26":"instock","27":"purchasable","28":"product-type-simple"},"acf":[],"_links":{"self":[{"href":"https:\/\/innocentiemangonipiante.it\/fr\/wp-json\/wp\/v2\/product\/13417","targetHints":{"allow":["GET"]}}],"collection":[{"href":"https:\/\/innocentiemangonipiante.it\/fr\/wp-json\/wp\/v2\/product"}],"about":[{"href":"https:\/\/innocentiemangonipiante.it\/fr\/wp-json\/wp\/v2\/types\/product"}],"wp:featuredmedia":[{"embeddable":true,"href":"https:\/\/innocentiemangonipiante.it\/fr\/wp-json\/wp\/v2\/media\/6157"}],"wp:attachment":[{"href":"https:\/\/innocentiemangonipiante.it\/fr\/wp-json\/wp\/v2\/media?parent=13417"}],"wp:term":[{"taxonomy":"product_brand","embeddable":true,"href":"https:\/\/innocentiemangonipiante.it\/fr\/wp-json\/wp\/v2\/product_brand?post=13417"},{"taxonomy":"product_cat","embeddable":true,"href":"https:\/\/innocentiemangonipiante.it\/fr\/wp-json\/wp\/v2\/product_cat?post=13417"},{"taxonomy":"product_tag","embeddable":true,"href":"https:\/\/innocentiemangonipiante.it\/fr\/wp-json\/wp\/v2\/product_tag?post=13417"}],"curies":[{"name":"wp","href":"https:\/\/api.w.org\/{rel}","templated":true}]}}